{"id":1283,"date":"2018-02-10T16:53:00","date_gmt":"2018-02-10T16:53:00","guid":{"rendered":"https:\/\/www.powercontainer.com\/product\/corsair\/"},"modified":"2025-10-09T13:46:06","modified_gmt":"2025-10-09T13:46:06","slug":"corsair","status":"publish","type":"product","link":"https:\/\/www.powercontainer.com\/pt-br\/product\/corsair\/","title":{"rendered":"Corsair"},"content":{"rendered":"","protected":false},"featured_media":0,"template":"tmpl-product.php","class_list":["post-1283","product","type-product","status-publish","hentry"],"acf":[],"yoast_head":"<!-- This site is optimized with the Yoast SEO plugin v24.1 - https:\/\/yoast.com\/wordpress\/plugins\/seo\/ -->\n<title>Sistema de dispensa\u00e7\u00e3o Airless inovador: Corsair da Power Container<\/title>\n<meta name=\"description\" content=\"Conhe\u00e7a o Corsair, o sistema de dispensa\u00e7\u00e3o Airless inovador que oferece aplica\u00e7\u00e3o sem VOC, de baixa press\u00e3o, para solu\u00e7\u00f5es de embalagem sustent\u00e1veis, confi\u00e1veis e precisas.\" \/>\n<meta name=\"robots\" content=\"index, follow, max-snippet:-1, max-image-preview:large, max-video-preview:-1\" \/>\n<link rel=\"canonical\" href=\"https:\/\/www.powercontainer.com\/pt-br\/product\/corsair\/\" \/>\n<meta property=\"og:locale\" content=\"pt_BR\" \/>\n<meta property=\"og:type\" content=\"article\" \/>\n<meta property=\"og:title\" content=\"Sistema de dispensa\u00e7\u00e3o Airless inovador: Corsair da Power Container\" \/>\n<meta property=\"og:description\" content=\"Conhe\u00e7a o Corsair, o sistema de dispensa\u00e7\u00e3o Airless inovador que oferece aplica\u00e7\u00e3o sem VOC, de baixa press\u00e3o, para solu\u00e7\u00f5es de embalagem sustent\u00e1veis, confi\u00e1veis e precisas.\" \/>\n<meta property=\"og:url\" content=\"https:\/\/www.powercontainer.com\/pt-br\/product\/corsair\/\" \/>\n<meta property=\"og:site_name\" content=\"PCC\" \/>\n<meta property=\"article:modified_time\" content=\"2025-10-09T13:46:06+00:00\" \/>\n<meta name=\"twitter:card\" content=\"summary_large_image\" \/>\n<script type=\"application\/ld+json\" class=\"yoast-schema-graph\">{\"@context\":\"https:\/\/schema.org\",\"@graph\":[{\"@type\":\"WebPage\",\"@id\":\"https:\/\/www.powercontainer.com\/pt-br\/product\/corsair\/\",\"url\":\"https:\/\/www.powercontainer.com\/pt-br\/product\/corsair\/\",\"name\":\"Sistema de dispensa\u00e7\u00e3o Airless inovador: Corsair da Power Container\",\"isPartOf\":{\"@id\":\"https:\/\/www.powercontainer.com\/#website\"},\"datePublished\":\"2018-02-10T16:53:00+00:00\",\"dateModified\":\"2025-10-09T13:46:06+00:00\",\"description\":\"Conhe\u00e7a o Corsair, o sistema de dispensa\u00e7\u00e3o Airless inovador que oferece aplica\u00e7\u00e3o sem VOC, de baixa press\u00e3o, para solu\u00e7\u00f5es de embalagem sustent\u00e1veis, confi\u00e1veis e precisas.\",\"breadcrumb\":{\"@id\":\"https:\/\/www.powercontainer.com\/pt-br\/product\/corsair\/#breadcrumb\"},\"inLanguage\":\"pt-BR\",\"potentialAction\":[{\"@type\":\"ReadAction\",\"target\":[\"https:\/\/www.powercontainer.com\/pt-br\/product\/corsair\/\"]}]},{\"@type\":\"BreadcrumbList\",\"@id\":\"https:\/\/www.powercontainer.com\/pt-br\/product\/corsair\/#breadcrumb\",\"itemListElement\":[{\"@type\":\"ListItem\",\"position\":1,\"name\":\"Home\",\"item\":\"https:\/\/www.powercontainer.com\/pt-br\/\"},{\"@type\":\"ListItem\",\"position\":2,\"name\":\"Corsair\"}]},{\"@type\":\"WebSite\",\"@id\":\"https:\/\/www.powercontainer.com\/#website\",\"url\":\"https:\/\/www.powercontainer.com\/\",\"name\":\"PCC\",\"description\":\"\",\"potentialAction\":[{\"@type\":\"SearchAction\",\"target\":{\"@type\":\"EntryPoint\",\"urlTemplate\":\"https:\/\/www.powercontainer.com\/?s={search_term_string}\"},\"query-input\":{\"@type\":\"PropertyValueSpecification\",\"valueRequired\":true,\"valueName\":\"search_term_string\"}}],\"inLanguage\":\"pt-BR\"}]}<\/script>\n<!-- \/ Yoast SEO plugin. -->","yoast_head_json":{"title":"Sistema de dispensa\u00e7\u00e3o Airless inovador: Corsair da Power Container","description":"Conhe\u00e7a o Corsair, o sistema de dispensa\u00e7\u00e3o Airless inovador que oferece aplica\u00e7\u00e3o sem VOC, de baixa press\u00e3o, para solu\u00e7\u00f5es de embalagem sustent\u00e1veis, confi\u00e1veis e precisas.","robots":{"index":"index","follow":"follow","max-snippet":"max-snippet:-1","max-image-preview":"max-image-preview:large","max-video-preview":"max-video-preview:-1"},"canonical":"https:\/\/www.powercontainer.com\/pt-br\/product\/corsair\/","og_locale":"pt_BR","og_type":"article","og_title":"Sistema de dispensa\u00e7\u00e3o Airless inovador: Corsair da Power Container","og_description":"Conhe\u00e7a o Corsair, o sistema de dispensa\u00e7\u00e3o Airless inovador que oferece aplica\u00e7\u00e3o sem VOC, de baixa press\u00e3o, para solu\u00e7\u00f5es de embalagem sustent\u00e1veis, confi\u00e1veis e precisas.","og_url":"https:\/\/www.powercontainer.com\/pt-br\/product\/corsair\/","og_site_name":"PCC","article_modified_time":"2025-10-09T13:46:06+00:00","twitter_card":"summary_large_image","schema":{"@context":"https:\/\/schema.org","@graph":[{"@type":"WebPage","@id":"https:\/\/www.powercontainer.com\/pt-br\/product\/corsair\/","url":"https:\/\/www.powercontainer.com\/pt-br\/product\/corsair\/","name":"Sistema de dispensa\u00e7\u00e3o Airless inovador: Corsair da Power Container","isPartOf":{"@id":"https:\/\/www.powercontainer.com\/#website"},"datePublished":"2018-02-10T16:53:00+00:00","dateModified":"2025-10-09T13:46:06+00:00","description":"Conhe\u00e7a o Corsair, o sistema de dispensa\u00e7\u00e3o Airless inovador que oferece aplica\u00e7\u00e3o sem VOC, de baixa press\u00e3o, para solu\u00e7\u00f5es de embalagem sustent\u00e1veis, confi\u00e1veis e precisas.","breadcrumb":{"@id":"https:\/\/www.powercontainer.com\/pt-br\/product\/corsair\/#breadcrumb"},"inLanguage":"pt-BR","potentialAction":[{"@type":"ReadAction","target":["https:\/\/www.powercontainer.com\/pt-br\/product\/corsair\/"]}]},{"@type":"BreadcrumbList","@id":"https:\/\/www.powercontainer.com\/pt-br\/product\/corsair\/#breadcrumb","itemListElement":[{"@type":"ListItem","position":1,"name":"Home","item":"https:\/\/www.powercontainer.com\/pt-br\/"},{"@type":"ListItem","position":2,"name":"Corsair"}]},{"@type":"WebSite","@id":"https:\/\/www.powercontainer.com\/#website","url":"https:\/\/www.powercontainer.com\/","name":"PCC","description":"","potentialAction":[{"@type":"SearchAction","target":{"@type":"EntryPoint","urlTemplate":"https:\/\/www.powercontainer.com\/?s={search_term_string}"},"query-input":{"@type":"PropertyValueSpecification","valueRequired":true,"valueName":"search_term_string"}}],"inLanguage":"pt-BR"}]}},"_links":{"self":[{"href":"https:\/\/www.powercontainer.com\/pt-br\/wp-json\/wp\/v2\/product\/1283","targetHints":{"allow":["GET"]}}],"collection":[{"href":"https:\/\/www.powercontainer.com\/pt-br\/wp-json\/wp\/v2\/product"}],"about":[{"href":"https:\/\/www.powercontainer.com\/pt-br\/wp-json\/wp\/v2\/types\/product"}],"wp:attachment":[{"href":"https:\/\/www.powercontainer.com\/pt-br\/wp-json\/wp\/v2\/media?parent=1283"}],"curies":[{"name":"wp","href":"https:\/\/api.w.org\/{rel}","templated":true}]}}