{"id":1412,"date":"2018-03-14T22:37:57","date_gmt":"2018-03-14T22:37:57","guid":{"rendered":"https:\/\/www.powercontainer.com\/?page_id=1412"},"modified":"2025-09-22T14:53:50","modified_gmt":"2025-09-22T14:53:50","slug":"politica-de-privacidade","status":"publish","type":"page","link":"https:\/\/www.powercontainer.com\/pt-br\/politica-de-privacidade\/","title":{"rendered":"Pol\u00edtica de Privacidade"},"content":{"rendered":"\n<p><strong>\u00daltima Atualiza\u00e7\u00e3o: 13-Mar-2025<br>Data de Vig\u00eancia: 13-Mar-2025<\/strong><\/p>\n\n\n\n<p>Esta Pol\u00edtica de Privacidade descreve as pol\u00edticas da Power Container Corporation, localizada na 33 School House Road, Somerset, New Jersey 08873, Estados Unidos da Am\u00e9rica, e-mail: <a>info@powercontainer.com<\/a>, telefone: (732) 560-3655, sobre a coleta, uso e divulga\u00e7\u00e3o das suas informa\u00e7\u00f5es que coletamos quando voc\u00ea utiliza nosso site (<a class=\"\" href=\"https:\/\/www.powercontainer.com\">https:\/\/www.powercontainer.com<\/a>) (o \u201cServi\u00e7o\u201d). Ao acessar ou usar o Servi\u00e7o, voc\u00ea concorda com a coleta, uso e divulga\u00e7\u00e3o das suas informa\u00e7\u00f5es conforme esta Pol\u00edtica de Privacidade. Caso n\u00e3o concorde, por favor, n\u00e3o acesse ou utilize o Servi\u00e7o.<\/p>\n\n\n\n<p>Podemos modificar esta Pol\u00edtica de Privacidade a qualquer momento, sem aviso pr\u00e9vio, e publicaremos a Pol\u00edtica revisada no Servi\u00e7o. A Pol\u00edtica revisada entrar\u00e1 em vigor 180 dias ap\u00f3s sua publica\u00e7\u00e3o no Servi\u00e7o, e seu uso ou acesso cont\u00ednuo ao Servi\u00e7o ap\u00f3s esse per\u00edodo constituir\u00e1 sua aceita\u00e7\u00e3o da Pol\u00edtica revisada. Portanto, recomendamos que voc\u00ea revise esta p\u00e1gina periodicamente.<\/p>\n\n\n\n<h2 class=\"wp-block-heading\">Como Usamos Suas Informa\u00e7\u00f5es:<\/h2>\n\n\n\n<p>Usaremos as informa\u00e7\u00f5es que coletamos sobre voc\u00ea para os seguintes prop\u00f3sitos:<\/p>\n\n\n\n<ul class=\"wp-block-list\">\n<li>Informa\u00e7\u00f5es administrativas<\/li>\n<\/ul>\n\n\n\n<p>Se quisermos usar suas informa\u00e7\u00f5es para qualquer outro prop\u00f3sito, solicitaremos seu consentimento e usaremos suas informa\u00e7\u00f5es apenas ap\u00f3s receber seu consentimento e apenas para o(s) prop\u00f3sito(s) para os quais voc\u00ea concedeu consentimento, salvo se exigido de outra forma por lei.<\/p>\n\n\n\n<h2 class=\"wp-block-heading\">Como Compartilhamos Suas Informa\u00e7\u00f5es:<\/h2>\n\n\n\n<p>N\u00e3o transferiremos suas informa\u00e7\u00f5es pessoais para terceiros sem seu consentimento, exceto em circunst\u00e2ncias limitadas, conforme descrito abaixo:<\/p>\n\n\n\n<ul class=\"wp-block-list\">\n<li>An\u00e1lise de dados<br>Exigimos que tais terceiros usem as informa\u00e7\u00f5es pessoais que transferimos apenas para o prop\u00f3sito para o qual foram transferidas e n\u00e3o as retenham por mais tempo do que o necess\u00e1rio para cumprir esse prop\u00f3sito.<\/li>\n<\/ul>\n\n\n\n<p>Tamb\u00e9m podemos divulgar suas informa\u00e7\u00f5es pessoais para: (1) cumprir leis, regulamentos, ordens judiciais ou outros processos legais aplic\u00e1veis; (2) fazer cumprir seus acordos conosco, incluindo esta Pol\u00edtica de Privacidade; ou (3) responder a alega\u00e7\u00f5es de que seu uso do Servi\u00e7o viola direitos de terceiros. Se o Servi\u00e7o ou nossa empresa for fundida ou adquirida por outra empresa, suas informa\u00e7\u00f5es ser\u00e3o um dos ativos transferidos para o novo propriet\u00e1rio.<\/p>\n\n\n\n<h2 class=\"wp-block-heading\">Seus Direitos:<\/h2>\n\n\n\n<p>Dependendo da legisla\u00e7\u00e3o aplic\u00e1vel, voc\u00ea pode ter o direito de acessar, retificar ou apagar seus dados pessoais, receber uma c\u00f3pia dos seus dados, restringir ou se opor ao processamento ativo dos seus dados, solicitar a portabilidade dos seus dados para outra entidade, retirar qualquer consentimento fornecido para o processamento dos seus dados, apresentar reclama\u00e7\u00e3o a uma autoridade reguladora e outros direitos conforme as leis aplic\u00e1veis. Para exercer esses direitos, voc\u00ea pode escrever para <a>privacy@powercontainer.com<\/a>. Responderemos sua solicita\u00e7\u00e3o conforme a lei aplic\u00e1vel.<\/p>\n\n\n\n<p>Observe que, se voc\u00ea n\u00e3o permitir que coletemos ou processemos as informa\u00e7\u00f5es pessoais necess\u00e1rias ou retirar seu consentimento para o processamento dessas informa\u00e7\u00f5es para os fins exigidos, poder\u00e1 n\u00e3o conseguir acessar ou usar os servi\u00e7os para os quais suas informa\u00e7\u00f5es foram solicitadas.<\/p>\n\n\n\n<h2 class=\"wp-block-heading\">Cookies e Outras Tecnologias:<\/h2>\n\n\n\n<p>Para saber mais sobre como usamos essas tecnologias e suas op\u00e7\u00f5es relacionadas, consulte nossa Pol\u00edtica de Cookies.<\/p>\n\n\n\n<h2 class=\"wp-block-heading\">Seguran\u00e7a:<\/h2>\n\n\n\n<p>A seguran\u00e7a das suas informa\u00e7\u00f5es \u00e9 importante para n\u00f3s, e usaremos medidas razo\u00e1veis para prevenir perda, uso indevido ou altera\u00e7\u00e3o n\u00e3o autorizada das suas informa\u00e7\u00f5es sob nosso controle. No entanto, devido aos riscos inerentes, n\u00e3o podemos garantir seguran\u00e7a absoluta e, portanto, n\u00e3o podemos assegurar ou garantir a seguran\u00e7a de quaisquer informa\u00e7\u00f5es que voc\u00ea nos transmita, sendo essa transmiss\u00e3o feita por sua conta e risco.<\/p>\n\n\n\n<h2 class=\"wp-block-heading\">Ouvidoria \/ Encarregado de Prote\u00e7\u00e3o de Dados:<\/h2>\n\n\n\n<p>Se voc\u00ea tiver d\u00favidas ou preocupa\u00e7\u00f5es sobre o processamento das suas informa\u00e7\u00f5es em nossa posse, pode enviar um e-mail para nosso Encarregado de Prote\u00e7\u00e3o de Dados da Power Container Corporation, 33 School House Road, NJ 08873 Somerset, Estados Unidos, e-mail: <a>privacy@powercontainer.com<\/a>. Responderemos suas preocupa\u00e7\u00f5es conforme a legisla\u00e7\u00e3o aplic\u00e1vel.<\/p>\n","protected":false},"excerpt":{"rendered":"<p>\u00daltima Atualiza\u00e7\u00e3o: 13-Mar-2025Data de Vig\u00eancia: 13-Mar-2025 Esta Pol\u00edtica de Privacidade descreve as pol\u00edticas da Power Container Corporation, localizada na 33 School House Road, Somerset, New Jersey 08873, Estados Unidos da Am\u00e9rica, e-mail: info@powercontainer.com, telefone: (732) 560-3655, sobre a coleta, uso e divulga\u00e7\u00e3o das suas informa\u00e7\u00f5es que coletamos quando voc\u00ea utiliza nosso site (https:\/\/www.powercontainer.com) (o \u201cServi\u00e7o\u201d). &hellip; <a href=\"https:\/\/www.powercontainer.com\/pt-br\/politica-de-privacidade\/\">Continued<\/a><\/p>\n","protected":false},"author":6,"featured_media":0,"parent":0,"menu_order":0,"comment_status":"closed","ping_status":"closed","template":"","meta":{"_acf_changed":false,"footnotes":""},"class_list":["post-1412","page","type-page","status-publish","hentry"],"acf":[],"yoast_head":"<!-- This site is optimized with the Yoast SEO plugin v24.1 - https:\/\/yoast.com\/wordpress\/plugins\/seo\/ -->\n<title>Pol\u00edtica de Privacidade | Power Container Corporation<\/title>\n<meta name=\"description\" content=\"Saiba como a Power Container Corporation protege seus dados.\" \/>\n<meta name=\"robots\" content=\"index, follow, max-snippet:-1, max-image-preview:large, max-video-preview:-1\" \/>\n<link rel=\"canonical\" href=\"https:\/\/www.powercontainer.com\/pt-br\/politica-de-privacidade\/\" \/>\n<meta property=\"og:locale\" content=\"pt_BR\" \/>\n<meta property=\"og:type\" content=\"article\" \/>\n<meta property=\"og:title\" content=\"Pol\u00edtica de Privacidade | Power Container Corporation\" \/>\n<meta property=\"og:description\" content=\"Saiba como a Power Container Corporation protege seus dados.\" \/>\n<meta property=\"og:url\" content=\"https:\/\/www.powercontainer.com\/pt-br\/politica-de-privacidade\/\" \/>\n<meta property=\"og:site_name\" content=\"PCC\" \/>\n<meta property=\"article:modified_time\" content=\"2025-09-22T14:53:50+00:00\" \/>\n<meta name=\"twitter:card\" content=\"summary_large_image\" \/>\n<meta name=\"twitter:label1\" content=\"Est. tempo de leitura\" \/>\n\t<meta name=\"twitter:data1\" content=\"3 minutos\" \/>\n<script type=\"application\/ld+json\" class=\"yoast-schema-graph\">{\"@context\":\"https:\/\/schema.org\",\"@graph\":[{\"@type\":\"WebPage\",\"@id\":\"https:\/\/www.powercontainer.com\/pt-br\/politica-de-privacidade\/\",\"url\":\"https:\/\/www.powercontainer.com\/pt-br\/politica-de-privacidade\/\",\"name\":\"Pol\u00edtica de Privacidade | Power Container Corporation\",\"isPartOf\":{\"@id\":\"https:\/\/www.powercontainer.com\/#website\"},\"datePublished\":\"2018-03-14T22:37:57+00:00\",\"dateModified\":\"2025-09-22T14:53:50+00:00\",\"description\":\"Saiba como a Power Container Corporation protege seus dados.\",\"breadcrumb\":{\"@id\":\"https:\/\/www.powercontainer.com\/pt-br\/politica-de-privacidade\/#breadcrumb\"},\"inLanguage\":\"pt-BR\",\"potentialAction\":[{\"@type\":\"ReadAction\",\"target\":[\"https:\/\/www.powercontainer.com\/pt-br\/politica-de-privacidade\/\"]}]},{\"@type\":\"BreadcrumbList\",\"@id\":\"https:\/\/www.powercontainer.com\/pt-br\/politica-de-privacidade\/#breadcrumb\",\"itemListElement\":[{\"@type\":\"ListItem\",\"position\":1,\"name\":\"Home\",\"item\":\"https:\/\/www.powercontainer.com\/pt-br\/\"},{\"@type\":\"ListItem\",\"position\":2,\"name\":\"Pol\u00edtica de Privacidade\"}]},{\"@type\":\"WebSite\",\"@id\":\"https:\/\/www.powercontainer.com\/#website\",\"url\":\"https:\/\/www.powercontainer.com\/\",\"name\":\"PCC\",\"description\":\"\",\"potentialAction\":[{\"@type\":\"SearchAction\",\"target\":{\"@type\":\"EntryPoint\",\"urlTemplate\":\"https:\/\/www.powercontainer.com\/?s={search_term_string}\"},\"query-input\":{\"@type\":\"PropertyValueSpecification\",\"valueRequired\":true,\"valueName\":\"search_term_string\"}}],\"inLanguage\":\"pt-BR\"}]}<\/script>\n<!-- \/ Yoast SEO plugin. -->","yoast_head_json":{"title":"Pol\u00edtica de Privacidade | Power Container Corporation","description":"Saiba como a Power Container Corporation protege seus dados.","robots":{"index":"index","follow":"follow","max-snippet":"max-snippet:-1","max-image-preview":"max-image-preview:large","max-video-preview":"max-video-preview:-1"},"canonical":"https:\/\/www.powercontainer.com\/pt-br\/politica-de-privacidade\/","og_locale":"pt_BR","og_type":"article","og_title":"Pol\u00edtica de Privacidade | Power Container Corporation","og_description":"Saiba como a Power Container Corporation protege seus dados.","og_url":"https:\/\/www.powercontainer.com\/pt-br\/politica-de-privacidade\/","og_site_name":"PCC","article_modified_time":"2025-09-22T14:53:50+00:00","twitter_card":"summary_large_image","twitter_misc":{"Est. tempo de leitura":"3 minutos"},"schema":{"@context":"https:\/\/schema.org","@graph":[{"@type":"WebPage","@id":"https:\/\/www.powercontainer.com\/pt-br\/politica-de-privacidade\/","url":"https:\/\/www.powercontainer.com\/pt-br\/politica-de-privacidade\/","name":"Pol\u00edtica de Privacidade | Power Container Corporation","isPartOf":{"@id":"https:\/\/www.powercontainer.com\/#website"},"datePublished":"2018-03-14T22:37:57+00:00","dateModified":"2025-09-22T14:53:50+00:00","description":"Saiba como a Power Container Corporation protege seus dados.","breadcrumb":{"@id":"https:\/\/www.powercontainer.com\/pt-br\/politica-de-privacidade\/#breadcrumb"},"inLanguage":"pt-BR","potentialAction":[{"@type":"ReadAction","target":["https:\/\/www.powercontainer.com\/pt-br\/politica-de-privacidade\/"]}]},{"@type":"BreadcrumbList","@id":"https:\/\/www.powercontainer.com\/pt-br\/politica-de-privacidade\/#breadcrumb","itemListElement":[{"@type":"ListItem","position":1,"name":"Home","item":"https:\/\/www.powercontainer.com\/pt-br\/"},{"@type":"ListItem","position":2,"name":"Pol\u00edtica de Privacidade"}]},{"@type":"WebSite","@id":"https:\/\/www.powercontainer.com\/#website","url":"https:\/\/www.powercontainer.com\/","name":"PCC","description":"","potentialAction":[{"@type":"SearchAction","target":{"@type":"EntryPoint","urlTemplate":"https:\/\/www.powercontainer.com\/?s={search_term_string}"},"query-input":{"@type":"PropertyValueSpecification","valueRequired":true,"valueName":"search_term_string"}}],"inLanguage":"pt-BR"}]}},"_links":{"self":[{"href":"https:\/\/www.powercontainer.com\/pt-br\/wp-json\/wp\/v2\/pages\/1412","targetHints":{"allow":["GET"]}}],"collection":[{"href":"https:\/\/www.powercontainer.com\/pt-br\/wp-json\/wp\/v2\/pages"}],"about":[{"href":"https:\/\/www.powercontainer.com\/pt-br\/wp-json\/wp\/v2\/types\/page"}],"author":[{"embeddable":true,"href":"https:\/\/www.powercontainer.com\/pt-br\/wp-json\/wp\/v2\/users\/6"}],"replies":[{"embeddable":true,"href":"https:\/\/www.powercontainer.com\/pt-br\/wp-json\/wp\/v2\/comments?post=1412"}],"version-history":[{"count":2,"href":"https:\/\/www.powercontainer.com\/pt-br\/wp-json\/wp\/v2\/pages\/1412\/revisions"}],"predecessor-version":[{"id":1418,"href":"https:\/\/www.powercontainer.com\/pt-br\/wp-json\/wp\/v2\/pages\/1412\/revisions\/1418"}],"wp:attachment":[{"href":"https:\/\/www.powercontainer.com\/pt-br\/wp-json\/wp\/v2\/media?parent=1412"}],"curies":[{"name":"wp","href":"https:\/\/api.w.org\/{rel}","templated":true}]}}