{"id":1401,"date":"2025-02-24T13:58:47","date_gmt":"2025-02-24T13:58:47","guid":{"rendered":"https:\/\/www.powercontainer.com\/cookie-policy\/"},"modified":"2025-09-22T14:54:38","modified_gmt":"2025-09-22T14:54:38","slug":"politica-de-cookies","status":"publish","type":"page","link":"https:\/\/www.powercontainer.com\/pt-br\/politica-de-cookies\/","title":{"rendered":"Pol\u00edtica de Cookies"},"content":{"rendered":"\n<p>Data de Vig\u00eancia: 24-fev-2025<br>\u00daltima Atualiza\u00e7\u00e3o: 24-fev-2025<\/p>\n\n\n\n<h2 class=\"wp-block-heading\">O que s\u00e3o cookies?<\/h2>\n\n\n\n<p>Esta Pol\u00edtica de Cookies explica o que s\u00e3o cookies e como os utilizamos, os tipos de cookies que usamos, ou seja, as informa\u00e7\u00f5es que coletamos por meio de cookies e como essas informa\u00e7\u00f5es s\u00e3o utilizadas, bem como como voc\u00ea pode gerenciar as configura\u00e7\u00f5es de cookies.<\/p>\n\n\n\n<p>Cookies s\u00e3o pequenos arquivos de texto usados para armazenar pequenas quantidades de informa\u00e7\u00e3o. Eles s\u00e3o armazenados no seu dispositivo quando o site \u00e9 carregado no seu navegador. Esses cookies nos ajudam a fazer o site funcionar corretamente, torn\u00e1-lo mais seguro, oferecer uma melhor experi\u00eancia ao usu\u00e1rio, compreender o desempenho do site e analisar o que funciona bem e o que precisa ser melhorado.<\/p>\n\n\n\n<h2 class=\"wp-block-heading\">Como utilizamos os cookies?<\/h2>\n\n\n\n<p>Como a maioria dos servi\u00e7os online, nosso site utiliza cookies pr\u00f3prios e de terceiros para diversas finalidades.<br>Os cookies pr\u00f3prios s\u00e3o, na maioria das vezes, necess\u00e1rios para que o site funcione corretamente e <strong>n\u00e3o coletam<\/strong> nenhum dado pessoal identific\u00e1vel.<\/p>\n\n\n\n<p>Os cookies de terceiros utilizados em nosso site servem principalmente para entender o desempenho do site, como voc\u00ea interage com ele, manter nossos servi\u00e7os seguros, fornecer an\u00fancios relevantes para voc\u00ea e, de modo geral, oferecer uma experi\u00eancia de usu\u00e1rio melhor e mais eficiente, al\u00e9m de agilizar suas intera\u00e7\u00f5es futuras com o site.<\/p>\n\n\n\n<h2 class=\"wp-block-heading\">Tipos de Cookies que usamos<\/h2>\n\n\n\n<div class=\"cky-audit-table-element\"><\/div>\n\n\n\n<h2 class=\"wp-block-heading\">Gerenciar prefer\u00eancias de cookies<\/h2>\n\n\n\n<a class=\"cky-banner-element btn btn-blue\">Configura\u00e7\u00f5es de Cookies<\/a>\n<br\/>\n\n<div> <p>Voc\u00ea pode alterar suas prefer\u00eancias de cookies a qualquer momento clicando no bot\u00e3o acima. Isso permitir\u00e1 que voc\u00ea acesse novamente o banner de consentimento de cookies e altere suas prefer\u00eancias ou retire seu consentimento imediatamente.<\/p> <p>Al\u00e9m disso, diferentes navegadores oferecem diferentes m\u00e9todos para bloquear e excluir os cookies utilizados pelos sites. Voc\u00ea pode alterar as configura\u00e7\u00f5es do seu navegador para bloquear ou excluir cookies. Abaixo est\u00e3o os links para os documentos de suporte dos principais navegadores:<\/p> <p>Chrome: <a target=\"_blank\" href=\"https:\/\/support.google.com\/accounts\/answer\/32050\">https:\/\/support.google.com\/accounts\/answer\/32050<\/a><\/p> <p>Safari: <a target=\"_blank\" href=\"https:\/\/support.apple.com\/en-in\/guide\/safari\/sfri11471\/mac\">https:\/\/support.apple.com\/en-in\/guide\/safari\/sfri11471\/mac<\/a><\/p> <p>Firefox: <a target=\"_blank\" href=\"https:\/\/support.mozilla.org\/en-US\/kb\/clear-cookies-and-site-data-firefox?redirectslug=delete-cookies-remove-info-websites-stored&#038;redirectlocale=en-US\">https:\/\/support.mozilla.org\/en-US\/kb\/clear-cookies-and-site-data-firefox<\/a><\/p> <p>Internet Explorer: <a target=\"_blank\" href=\"https:\/\/support.microsoft.com\/en-us\/topic\/how-to-delete-cookie-files-in-internet-explorer-bca9446f-d873-78de-77ba-d42645fa52fc\">https:\/\/support.microsoft.com\/en-us\/topic\/how-to-delete-cookie-files-in-internet-explorer<\/a><\/p> <p>Se voc\u00ea estiver utilizando outro navegador, por favor, consulte a documenta\u00e7\u00e3o oficial de suporte do seu navegador.<\/p> <\/div>\n","protected":false},"excerpt":{"rendered":"<p>Data de Vig\u00eancia: 24-fev-2025\u00daltima Atualiza\u00e7\u00e3o: 24-fev-2025 O que s\u00e3o cookies? Esta Pol\u00edtica de Cookies explica o que s\u00e3o cookies e como os utilizamos, os tipos de cookies que usamos, ou seja, as informa\u00e7\u00f5es que coletamos por meio de cookies e como essas informa\u00e7\u00f5es s\u00e3o utilizadas, bem como como voc\u00ea pode gerenciar as configura\u00e7\u00f5es de cookies. &hellip; <a href=\"https:\/\/www.powercontainer.com\/pt-br\/politica-de-cookies\/\">Continued<\/a><\/p>\n","protected":false},"author":8,"featured_media":0,"parent":0,"menu_order":0,"comment_status":"closed","ping_status":"closed","template":"","meta":{"_acf_changed":false,"footnotes":""},"class_list":["post-1401","page","type-page","status-publish","hentry"],"acf":[],"yoast_head":"<!-- This site is optimized with the Yoast SEO plugin v24.1 - https:\/\/yoast.com\/wordpress\/plugins\/seo\/ -->\n<title>Nossa Pol\u00edtica de Cookies | Power Container Corporation<\/title>\n<meta name=\"description\" content=\"Saiba como a Power Container Corporation utiliza cookies em seu site.\" \/>\n<meta name=\"robots\" content=\"index, follow, max-snippet:-1, max-image-preview:large, max-video-preview:-1\" \/>\n<link rel=\"canonical\" href=\"https:\/\/www.powercontainer.com\/pt-br\/politica-de-cookies\/\" \/>\n<meta property=\"og:locale\" content=\"pt_BR\" \/>\n<meta property=\"og:type\" content=\"article\" \/>\n<meta property=\"og:title\" content=\"Nossa Pol\u00edtica de Cookies | Power Container Corporation\" \/>\n<meta property=\"og:description\" content=\"Saiba como a Power Container Corporation utiliza cookies em seu site.\" \/>\n<meta property=\"og:url\" content=\"https:\/\/www.powercontainer.com\/pt-br\/politica-de-cookies\/\" \/>\n<meta property=\"og:site_name\" content=\"PCC\" \/>\n<meta property=\"article:modified_time\" content=\"2025-09-22T14:54:38+00:00\" \/>\n<meta name=\"twitter:card\" content=\"summary_large_image\" \/>\n<meta name=\"twitter:label1\" content=\"Est. tempo de leitura\" \/>\n\t<meta name=\"twitter:data1\" content=\"2 minutos\" \/>\n<script type=\"application\/ld+json\" class=\"yoast-schema-graph\">{\"@context\":\"https:\/\/schema.org\",\"@graph\":[{\"@type\":\"WebPage\",\"@id\":\"https:\/\/www.powercontainer.com\/pt-br\/politica-de-cookies\/\",\"url\":\"https:\/\/www.powercontainer.com\/pt-br\/politica-de-cookies\/\",\"name\":\"Nossa Pol\u00edtica de Cookies | Power Container Corporation\",\"isPartOf\":{\"@id\":\"https:\/\/www.powercontainer.com\/#website\"},\"datePublished\":\"2025-02-24T13:58:47+00:00\",\"dateModified\":\"2025-09-22T14:54:38+00:00\",\"description\":\"Saiba como a Power Container Corporation utiliza cookies em seu site.\",\"breadcrumb\":{\"@id\":\"https:\/\/www.powercontainer.com\/pt-br\/politica-de-cookies\/#breadcrumb\"},\"inLanguage\":\"pt-BR\",\"potentialAction\":[{\"@type\":\"ReadAction\",\"target\":[\"https:\/\/www.powercontainer.com\/pt-br\/politica-de-cookies\/\"]}]},{\"@type\":\"BreadcrumbList\",\"@id\":\"https:\/\/www.powercontainer.com\/pt-br\/politica-de-cookies\/#breadcrumb\",\"itemListElement\":[{\"@type\":\"ListItem\",\"position\":1,\"name\":\"Home\",\"item\":\"https:\/\/www.powercontainer.com\/pt-br\/\"},{\"@type\":\"ListItem\",\"position\":2,\"name\":\"Pol\u00edtica de Cookies\"}]},{\"@type\":\"WebSite\",\"@id\":\"https:\/\/www.powercontainer.com\/#website\",\"url\":\"https:\/\/www.powercontainer.com\/\",\"name\":\"PCC\",\"description\":\"\",\"potentialAction\":[{\"@type\":\"SearchAction\",\"target\":{\"@type\":\"EntryPoint\",\"urlTemplate\":\"https:\/\/www.powercontainer.com\/?s={search_term_string}\"},\"query-input\":{\"@type\":\"PropertyValueSpecification\",\"valueRequired\":true,\"valueName\":\"search_term_string\"}}],\"inLanguage\":\"pt-BR\"}]}<\/script>\n<!-- \/ Yoast SEO plugin. -->","yoast_head_json":{"title":"Nossa Pol\u00edtica de Cookies | Power Container Corporation","description":"Saiba como a Power Container Corporation utiliza cookies em seu site.","robots":{"index":"index","follow":"follow","max-snippet":"max-snippet:-1","max-image-preview":"max-image-preview:large","max-video-preview":"max-video-preview:-1"},"canonical":"https:\/\/www.powercontainer.com\/pt-br\/politica-de-cookies\/","og_locale":"pt_BR","og_type":"article","og_title":"Nossa Pol\u00edtica de Cookies | Power Container Corporation","og_description":"Saiba como a Power Container Corporation utiliza cookies em seu site.","og_url":"https:\/\/www.powercontainer.com\/pt-br\/politica-de-cookies\/","og_site_name":"PCC","article_modified_time":"2025-09-22T14:54:38+00:00","twitter_card":"summary_large_image","twitter_misc":{"Est. tempo de leitura":"2 minutos"},"schema":{"@context":"https:\/\/schema.org","@graph":[{"@type":"WebPage","@id":"https:\/\/www.powercontainer.com\/pt-br\/politica-de-cookies\/","url":"https:\/\/www.powercontainer.com\/pt-br\/politica-de-cookies\/","name":"Nossa Pol\u00edtica de Cookies | Power Container Corporation","isPartOf":{"@id":"https:\/\/www.powercontainer.com\/#website"},"datePublished":"2025-02-24T13:58:47+00:00","dateModified":"2025-09-22T14:54:38+00:00","description":"Saiba como a Power Container Corporation utiliza cookies em seu site.","breadcrumb":{"@id":"https:\/\/www.powercontainer.com\/pt-br\/politica-de-cookies\/#breadcrumb"},"inLanguage":"pt-BR","potentialAction":[{"@type":"ReadAction","target":["https:\/\/www.powercontainer.com\/pt-br\/politica-de-cookies\/"]}]},{"@type":"BreadcrumbList","@id":"https:\/\/www.powercontainer.com\/pt-br\/politica-de-cookies\/#breadcrumb","itemListElement":[{"@type":"ListItem","position":1,"name":"Home","item":"https:\/\/www.powercontainer.com\/pt-br\/"},{"@type":"ListItem","position":2,"name":"Pol\u00edtica de Cookies"}]},{"@type":"WebSite","@id":"https:\/\/www.powercontainer.com\/#website","url":"https:\/\/www.powercontainer.com\/","name":"PCC","description":"","potentialAction":[{"@type":"SearchAction","target":{"@type":"EntryPoint","urlTemplate":"https:\/\/www.powercontainer.com\/?s={search_term_string}"},"query-input":{"@type":"PropertyValueSpecification","valueRequired":true,"valueName":"search_term_string"}}],"inLanguage":"pt-BR"}]}},"_links":{"self":[{"href":"https:\/\/www.powercontainer.com\/pt-br\/wp-json\/wp\/v2\/pages\/1401","targetHints":{"allow":["GET"]}}],"collection":[{"href":"https:\/\/www.powercontainer.com\/pt-br\/wp-json\/wp\/v2\/pages"}],"about":[{"href":"https:\/\/www.powercontainer.com\/pt-br\/wp-json\/wp\/v2\/types\/page"}],"author":[{"embeddable":true,"href":"https:\/\/www.powercontainer.com\/pt-br\/wp-json\/wp\/v2\/users\/8"}],"replies":[{"embeddable":true,"href":"https:\/\/www.powercontainer.com\/pt-br\/wp-json\/wp\/v2\/comments?post=1401"}],"version-history":[{"count":1,"href":"https:\/\/www.powercontainer.com\/pt-br\/wp-json\/wp\/v2\/pages\/1401\/revisions"}],"predecessor-version":[{"id":1404,"href":"https:\/\/www.powercontainer.com\/pt-br\/wp-json\/wp\/v2\/pages\/1401\/revisions\/1404"}],"wp:attachment":[{"href":"https:\/\/www.powercontainer.com\/pt-br\/wp-json\/wp\/v2\/media?parent=1401"}],"curies":[{"name":"wp","href":"https:\/\/api.w.org\/{rel}","templated":true}]}}