{"id":1397,"date":"2025-03-13T19:30:40","date_gmt":"2025-03-13T19:30:40","guid":{"rendered":"https:\/\/www.powercontainer.com\/?page_id=1397"},"modified":"2025-09-22T14:55:52","modified_gmt":"2025-09-22T14:55:52","slug":"avisos-legais","status":"publish","type":"page","link":"https:\/\/www.powercontainer.com\/pt-br\/avisos-legais\/","title":{"rendered":"Avisos Legais"},"content":{"rendered":"\n<h2 class=\"wp-block-heading\">Editor<\/h2>\n\n\n\n<p>O site https:\/\/www.powercontainer.com \u00e9 publicado e gerido pela Power Container Corporation, representada por Olivier Bertaud.<\/p>\n\n\n\n<p>A sede da empresa est\u00e1 localizada em:<br>33 School House Road, NJ 08873 Somerset, Estados Unidos.<\/p>\n\n\n\n<p>N\u00famero de registro da empresa no Registro de Com\u00e9rcio e Empresas do Estado de Nova Jersey, EUA: 6142108748<\/p>\n\n\n\n<p>E-mail: info@powercontainer.com<\/p>\n\n\n\n<h2 class=\"wp-block-heading\">Hospedagem<\/h2>\n\n\n\n<p>Este site \u00e9 hospedado por: GoDaddy<br>Escrit\u00f3rio principal: 14455 N. Hayden Rd., Ste. 226<br>Scottsdale, AZ 85260, Estados Unidos<br>Telefone: 09 75 18 70 39<br>E-mail: HQ@godaddy.com<br>https:\/\/www.godaddy.com<\/p>\n\n\n\n<p>A GoDaddy.com, LLC \u00e9 uma subsidi\u00e1ria integral da GoDaddy Inc.<\/p>\n\n\n\n<h2 class=\"wp-block-heading\">Propriedade Intelectual<\/h2>\n\n\n\n<h3 class=\"wp-block-heading\">Website e seus componentes<\/h3>\n\n\n\n<p>O site www.powercontainer.com e todos os seus componentes (incluindo, mas n\u00e3o se limitando a textos, ilustra\u00e7\u00f5es e bases de dados) s\u00e3o propriedade exclusiva da Power Container Corporation e est\u00e3o protegidos pelas leis de direitos autorais e direitos sobre bases de dados.<\/p>\n\n\n\n<p>\u00c9 estritamente proibida qualquer reprodu\u00e7\u00e3o ou representa\u00e7\u00e3o total ou parcial do site ou de qualquer um de seus elementos sem autoriza\u00e7\u00e3o pr\u00e9via e expressa da Power Container Corporation, conforme as disposi\u00e7\u00f5es da legisla\u00e7\u00e3o de propriedade intelectual.<\/p>\n","protected":false},"excerpt":{"rendered":"<p>Editor O site https:\/\/www.powercontainer.com \u00e9 publicado e gerido pela Power Container Corporation, representada por Olivier Bertaud. A sede da empresa est\u00e1 localizada em:33 School House Road, NJ 08873 Somerset, Estados Unidos. N\u00famero de registro da empresa no Registro de Com\u00e9rcio e Empresas do Estado de Nova Jersey, EUA: 6142108748 E-mail: info@powercontainer.com Hospedagem Este site \u00e9 &hellip; <a href=\"https:\/\/www.powercontainer.com\/pt-br\/avisos-legais\/\">Continued<\/a><\/p>\n","protected":false},"author":6,"featured_media":0,"parent":0,"menu_order":0,"comment_status":"closed","ping_status":"closed","template":"","meta":{"_acf_changed":false,"footnotes":""},"class_list":["post-1397","page","type-page","status-publish","hentry"],"acf":[],"yoast_head":"<!-- This site is optimized with the Yoast SEO plugin v24.1 - https:\/\/yoast.com\/wordpress\/plugins\/seo\/ -->\n<title>Avisos Legais | Power Container Corporation<\/title>\n<meta name=\"description\" content=\"Confira os Avisos Legais da Power Container Corporation.\" \/>\n<meta name=\"robots\" content=\"index, follow, max-snippet:-1, max-image-preview:large, max-video-preview:-1\" \/>\n<link rel=\"canonical\" href=\"https:\/\/www.powercontainer.com\/pt-br\/avisos-legais\/\" \/>\n<meta property=\"og:locale\" content=\"pt_BR\" \/>\n<meta property=\"og:type\" content=\"article\" \/>\n<meta property=\"og:title\" content=\"Avisos Legais | Power Container Corporation\" \/>\n<meta property=\"og:description\" content=\"Confira os Avisos Legais da Power Container Corporation.\" \/>\n<meta property=\"og:url\" content=\"https:\/\/www.powercontainer.com\/pt-br\/avisos-legais\/\" \/>\n<meta property=\"og:site_name\" content=\"PCC\" \/>\n<meta property=\"article:modified_time\" content=\"2025-09-22T14:55:52+00:00\" \/>\n<meta name=\"twitter:card\" content=\"summary_large_image\" \/>\n<meta name=\"twitter:label1\" content=\"Est. tempo de leitura\" \/>\n\t<meta name=\"twitter:data1\" content=\"1 minuto\" \/>\n<script type=\"application\/ld+json\" class=\"yoast-schema-graph\">{\"@context\":\"https:\/\/schema.org\",\"@graph\":[{\"@type\":\"WebPage\",\"@id\":\"https:\/\/www.powercontainer.com\/pt-br\/avisos-legais\/\",\"url\":\"https:\/\/www.powercontainer.com\/pt-br\/avisos-legais\/\",\"name\":\"Avisos Legais | Power Container Corporation\",\"isPartOf\":{\"@id\":\"https:\/\/www.powercontainer.com\/#website\"},\"datePublished\":\"2025-03-13T19:30:40+00:00\",\"dateModified\":\"2025-09-22T14:55:52+00:00\",\"description\":\"Confira os Avisos Legais da Power Container Corporation.\",\"breadcrumb\":{\"@id\":\"https:\/\/www.powercontainer.com\/pt-br\/avisos-legais\/#breadcrumb\"},\"inLanguage\":\"pt-BR\",\"potentialAction\":[{\"@type\":\"ReadAction\",\"target\":[\"https:\/\/www.powercontainer.com\/pt-br\/avisos-legais\/\"]}]},{\"@type\":\"BreadcrumbList\",\"@id\":\"https:\/\/www.powercontainer.com\/pt-br\/avisos-legais\/#breadcrumb\",\"itemListElement\":[{\"@type\":\"ListItem\",\"position\":1,\"name\":\"Home\",\"item\":\"https:\/\/www.powercontainer.com\/pt-br\/\"},{\"@type\":\"ListItem\",\"position\":2,\"name\":\"Avisos Legais\"}]},{\"@type\":\"WebSite\",\"@id\":\"https:\/\/www.powercontainer.com\/#website\",\"url\":\"https:\/\/www.powercontainer.com\/\",\"name\":\"PCC\",\"description\":\"\",\"potentialAction\":[{\"@type\":\"SearchAction\",\"target\":{\"@type\":\"EntryPoint\",\"urlTemplate\":\"https:\/\/www.powercontainer.com\/?s={search_term_string}\"},\"query-input\":{\"@type\":\"PropertyValueSpecification\",\"valueRequired\":true,\"valueName\":\"search_term_string\"}}],\"inLanguage\":\"pt-BR\"}]}<\/script>\n<!-- \/ Yoast SEO plugin. -->","yoast_head_json":{"title":"Avisos Legais | Power Container Corporation","description":"Confira os Avisos Legais da Power Container Corporation.","robots":{"index":"index","follow":"follow","max-snippet":"max-snippet:-1","max-image-preview":"max-image-preview:large","max-video-preview":"max-video-preview:-1"},"canonical":"https:\/\/www.powercontainer.com\/pt-br\/avisos-legais\/","og_locale":"pt_BR","og_type":"article","og_title":"Avisos Legais | Power Container Corporation","og_description":"Confira os Avisos Legais da Power Container Corporation.","og_url":"https:\/\/www.powercontainer.com\/pt-br\/avisos-legais\/","og_site_name":"PCC","article_modified_time":"2025-09-22T14:55:52+00:00","twitter_card":"summary_large_image","twitter_misc":{"Est. tempo de leitura":"1 minuto"},"schema":{"@context":"https:\/\/schema.org","@graph":[{"@type":"WebPage","@id":"https:\/\/www.powercontainer.com\/pt-br\/avisos-legais\/","url":"https:\/\/www.powercontainer.com\/pt-br\/avisos-legais\/","name":"Avisos Legais | Power Container Corporation","isPartOf":{"@id":"https:\/\/www.powercontainer.com\/#website"},"datePublished":"2025-03-13T19:30:40+00:00","dateModified":"2025-09-22T14:55:52+00:00","description":"Confira os Avisos Legais da Power Container Corporation.","breadcrumb":{"@id":"https:\/\/www.powercontainer.com\/pt-br\/avisos-legais\/#breadcrumb"},"inLanguage":"pt-BR","potentialAction":[{"@type":"ReadAction","target":["https:\/\/www.powercontainer.com\/pt-br\/avisos-legais\/"]}]},{"@type":"BreadcrumbList","@id":"https:\/\/www.powercontainer.com\/pt-br\/avisos-legais\/#breadcrumb","itemListElement":[{"@type":"ListItem","position":1,"name":"Home","item":"https:\/\/www.powercontainer.com\/pt-br\/"},{"@type":"ListItem","position":2,"name":"Avisos Legais"}]},{"@type":"WebSite","@id":"https:\/\/www.powercontainer.com\/#website","url":"https:\/\/www.powercontainer.com\/","name":"PCC","description":"","potentialAction":[{"@type":"SearchAction","target":{"@type":"EntryPoint","urlTemplate":"https:\/\/www.powercontainer.com\/?s={search_term_string}"},"query-input":{"@type":"PropertyValueSpecification","valueRequired":true,"valueName":"search_term_string"}}],"inLanguage":"pt-BR"}]}},"_links":{"self":[{"href":"https:\/\/www.powercontainer.com\/pt-br\/wp-json\/wp\/v2\/pages\/1397","targetHints":{"allow":["GET"]}}],"collection":[{"href":"https:\/\/www.powercontainer.com\/pt-br\/wp-json\/wp\/v2\/pages"}],"about":[{"href":"https:\/\/www.powercontainer.com\/pt-br\/wp-json\/wp\/v2\/types\/page"}],"author":[{"embeddable":true,"href":"https:\/\/www.powercontainer.com\/pt-br\/wp-json\/wp\/v2\/users\/6"}],"replies":[{"embeddable":true,"href":"https:\/\/www.powercontainer.com\/pt-br\/wp-json\/wp\/v2\/comments?post=1397"}],"version-history":[{"count":1,"href":"https:\/\/www.powercontainer.com\/pt-br\/wp-json\/wp\/v2\/pages\/1397\/revisions"}],"predecessor-version":[{"id":1398,"href":"https:\/\/www.powercontainer.com\/pt-br\/wp-json\/wp\/v2\/pages\/1397\/revisions\/1398"}],"wp:attachment":[{"href":"https:\/\/www.powercontainer.com\/pt-br\/wp-json\/wp\/v2\/media?parent=1397"}],"curies":[{"name":"wp","href":"https:\/\/api.w.org\/{rel}","templated":true}]}}