{"id":1273,"date":"2025-02-16T13:45:35","date_gmt":"2025-02-16T13:45:35","guid":{"rendered":"https:\/\/www.powercontainer.com\/bag-on-valve-technologia\/"},"modified":"2025-09-22T15:35:19","modified_gmt":"2025-09-22T15:35:19","slug":"bag-on-valve-technologia","status":"publish","type":"page","link":"https:\/\/www.powercontainer.com\/pt-br\/bag-on-valve-technologia\/","title":{"rendered":"Tecnologia Bag-On-Valve"},"content":{"rendered":"","protected":false},"excerpt":{"rendered":"","protected":false},"author":8,"featured_media":0,"parent":0,"menu_order":0,"comment_status":"closed","ping_status":"closed","template":"tmpl-bag-on-valve.php","meta":{"_acf_changed":false,"footnotes":""},"class_list":["post-1273","page","type-page","status-publish","hentry"],"acf":[],"yoast_head":"<!-- This site is optimized with the Yoast SEO plugin v24.1 - https:\/\/yoast.com\/wordpress\/plugins\/seo\/ -->\n<title>Tecnologia Bag-On-Valve | Soluciones confiables de dispensaci\u00f3n<\/title>\n<meta name=\"description\" content=\"Descubra a tecnologia Bag-On-Valve (BOV), que oferece precis\u00e3o, confiabilidade e integridade do produto em m\u00faltiplos setores.\" \/>\n<meta name=\"robots\" content=\"index, follow, max-snippet:-1, max-image-preview:large, max-video-preview:-1\" \/>\n<link rel=\"canonical\" href=\"https:\/\/www.powercontainer.com\/pt-br\/bag-on-valve-technologia\/\" \/>\n<meta property=\"og:locale\" content=\"pt_BR\" \/>\n<meta property=\"og:type\" content=\"article\" \/>\n<meta property=\"og:title\" content=\"Tecnologia Bag-On-Valve | Soluciones confiables de dispensaci\u00f3n\" \/>\n<meta property=\"og:description\" content=\"Descubra a tecnologia Bag-On-Valve (BOV), que oferece precis\u00e3o, confiabilidade e integridade do produto em m\u00faltiplos setores.\" \/>\n<meta property=\"og:url\" content=\"https:\/\/www.powercontainer.com\/pt-br\/bag-on-valve-technologia\/\" \/>\n<meta property=\"og:site_name\" content=\"PCC\" \/>\n<meta property=\"article:modified_time\" content=\"2025-09-22T15:35:19+00:00\" \/>\n<meta name=\"twitter:card\" content=\"summary_large_image\" \/>\n<script type=\"application\/ld+json\" class=\"yoast-schema-graph\">{\"@context\":\"https:\/\/schema.org\",\"@graph\":[{\"@type\":\"WebPage\",\"@id\":\"https:\/\/www.powercontainer.com\/pt-br\/bag-on-valve-technologia\/\",\"url\":\"https:\/\/www.powercontainer.com\/pt-br\/bag-on-valve-technologia\/\",\"name\":\"Tecnologia Bag-On-Valve | Soluciones confiables de dispensaci\u00f3n\",\"isPartOf\":{\"@id\":\"https:\/\/www.powercontainer.com\/#website\"},\"datePublished\":\"2025-02-16T13:45:35+00:00\",\"dateModified\":\"2025-09-22T15:35:19+00:00\",\"description\":\"Descubra a tecnologia Bag-On-Valve (BOV), que oferece precis\u00e3o, confiabilidade e integridade do produto em m\u00faltiplos setores.\",\"breadcrumb\":{\"@id\":\"https:\/\/www.powercontainer.com\/pt-br\/bag-on-valve-technologia\/#breadcrumb\"},\"inLanguage\":\"pt-BR\",\"potentialAction\":[{\"@type\":\"ReadAction\",\"target\":[\"https:\/\/www.powercontainer.com\/pt-br\/bag-on-valve-technologia\/\"]}]},{\"@type\":\"BreadcrumbList\",\"@id\":\"https:\/\/www.powercontainer.com\/pt-br\/bag-on-valve-technologia\/#breadcrumb\",\"itemListElement\":[{\"@type\":\"ListItem\",\"position\":1,\"name\":\"Home\",\"item\":\"https:\/\/www.powercontainer.com\/pt-br\/\"},{\"@type\":\"ListItem\",\"position\":2,\"name\":\"Tecnologia Bag-On-Valve\"}]},{\"@type\":\"WebSite\",\"@id\":\"https:\/\/www.powercontainer.com\/#website\",\"url\":\"https:\/\/www.powercontainer.com\/\",\"name\":\"PCC\",\"description\":\"\",\"potentialAction\":[{\"@type\":\"SearchAction\",\"target\":{\"@type\":\"EntryPoint\",\"urlTemplate\":\"https:\/\/www.powercontainer.com\/?s={search_term_string}\"},\"query-input\":{\"@type\":\"PropertyValueSpecification\",\"valueRequired\":true,\"valueName\":\"search_term_string\"}}],\"inLanguage\":\"pt-BR\"}]}<\/script>\n<!-- \/ Yoast SEO plugin. -->","yoast_head_json":{"title":"Tecnologia Bag-On-Valve | Soluciones confiables de dispensaci\u00f3n","description":"Descubra a tecnologia Bag-On-Valve (BOV), que oferece precis\u00e3o, confiabilidade e integridade do produto em m\u00faltiplos setores.","robots":{"index":"index","follow":"follow","max-snippet":"max-snippet:-1","max-image-preview":"max-image-preview:large","max-video-preview":"max-video-preview:-1"},"canonical":"https:\/\/www.powercontainer.com\/pt-br\/bag-on-valve-technologia\/","og_locale":"pt_BR","og_type":"article","og_title":"Tecnologia Bag-On-Valve | Soluciones confiables de dispensaci\u00f3n","og_description":"Descubra a tecnologia Bag-On-Valve (BOV), que oferece precis\u00e3o, confiabilidade e integridade do produto em m\u00faltiplos setores.","og_url":"https:\/\/www.powercontainer.com\/pt-br\/bag-on-valve-technologia\/","og_site_name":"PCC","article_modified_time":"2025-09-22T15:35:19+00:00","twitter_card":"summary_large_image","schema":{"@context":"https:\/\/schema.org","@graph":[{"@type":"WebPage","@id":"https:\/\/www.powercontainer.com\/pt-br\/bag-on-valve-technologia\/","url":"https:\/\/www.powercontainer.com\/pt-br\/bag-on-valve-technologia\/","name":"Tecnologia Bag-On-Valve | Soluciones confiables de dispensaci\u00f3n","isPartOf":{"@id":"https:\/\/www.powercontainer.com\/#website"},"datePublished":"2025-02-16T13:45:35+00:00","dateModified":"2025-09-22T15:35:19+00:00","description":"Descubra a tecnologia Bag-On-Valve (BOV), que oferece precis\u00e3o, confiabilidade e integridade do produto em m\u00faltiplos setores.","breadcrumb":{"@id":"https:\/\/www.powercontainer.com\/pt-br\/bag-on-valve-technologia\/#breadcrumb"},"inLanguage":"pt-BR","potentialAction":[{"@type":"ReadAction","target":["https:\/\/www.powercontainer.com\/pt-br\/bag-on-valve-technologia\/"]}]},{"@type":"BreadcrumbList","@id":"https:\/\/www.powercontainer.com\/pt-br\/bag-on-valve-technologia\/#breadcrumb","itemListElement":[{"@type":"ListItem","position":1,"name":"Home","item":"https:\/\/www.powercontainer.com\/pt-br\/"},{"@type":"ListItem","position":2,"name":"Tecnologia Bag-On-Valve"}]},{"@type":"WebSite","@id":"https:\/\/www.powercontainer.com\/#website","url":"https:\/\/www.powercontainer.com\/","name":"PCC","description":"","potentialAction":[{"@type":"SearchAction","target":{"@type":"EntryPoint","urlTemplate":"https:\/\/www.powercontainer.com\/?s={search_term_string}"},"query-input":{"@type":"PropertyValueSpecification","valueRequired":true,"valueName":"search_term_string"}}],"inLanguage":"pt-BR"}]}},"_links":{"self":[{"href":"https:\/\/www.powercontainer.com\/pt-br\/wp-json\/wp\/v2\/pages\/1273","targetHints":{"allow":["GET"]}}],"collection":[{"href":"https:\/\/www.powercontainer.com\/pt-br\/wp-json\/wp\/v2\/pages"}],"about":[{"href":"https:\/\/www.powercontainer.com\/pt-br\/wp-json\/wp\/v2\/types\/page"}],"author":[{"embeddable":true,"href":"https:\/\/www.powercontainer.com\/pt-br\/wp-json\/wp\/v2\/users\/8"}],"replies":[{"embeddable":true,"href":"https:\/\/www.powercontainer.com\/pt-br\/wp-json\/wp\/v2\/comments?post=1273"}],"version-history":[{"count":2,"href":"https:\/\/www.powercontainer.com\/pt-br\/wp-json\/wp\/v2\/pages\/1273\/revisions"}],"predecessor-version":[{"id":1808,"href":"https:\/\/www.powercontainer.com\/pt-br\/wp-json\/wp\/v2\/pages\/1273\/revisions\/1808"}],"wp:attachment":[{"href":"https:\/\/www.powercontainer.com\/pt-br\/wp-json\/wp\/v2\/media?parent=1273"}],"curies":[{"name":"wp","href":"https:\/\/api.w.org\/{rel}","templated":true}]}}