{"id":523,"date":"2018-02-10T16:53:00","date_gmt":"2018-02-10T16:53:00","guid":{"rendered":"https:\/\/www.powercontainer.com\/product\/corsair\/"},"modified":"2025-10-09T13:37:45","modified_gmt":"2025-10-09T13:37:45","slug":"corsair","status":"publish","type":"product","link":"https:\/\/www.powercontainer.com\/fr\/product\/corsair\/","title":{"rendered":"Corsair"},"content":{"rendered":"","protected":false},"featured_media":0,"template":"tmpl-product.php","class_list":["post-523","product","type-product","status-publish","hentry"],"acf":[],"yoast_head":"<!-- This site is optimized with the Yoast SEO plugin v24.1 - https:\/\/yoast.com\/wordpress\/plugins\/seo\/ -->\n<title>Syst\u00e8me de diffusion Airless pour emballages innovants | Corsair<\/title>\n<meta name=\"description\" content=\"D\u00e9couvrez le syst\u00e8me de diffusion Airless haute performance Corsair \u2013 sans COV, \u00e0 basse pression, id\u00e9al pour les applications sensibles comme les sprays de lavage nasal et les produits de soin.\" \/>\n<meta name=\"robots\" content=\"index, follow, max-snippet:-1, max-image-preview:large, max-video-preview:-1\" \/>\n<link rel=\"canonical\" href=\"https:\/\/www.powercontainer.com\/fr\/product\/corsair\/\" \/>\n<meta property=\"og:locale\" content=\"fr_FR\" \/>\n<meta property=\"og:type\" content=\"article\" \/>\n<meta property=\"og:title\" content=\"Syst\u00e8me de diffusion Airless pour emballages innovants | Corsair\" \/>\n<meta property=\"og:description\" content=\"D\u00e9couvrez le syst\u00e8me de diffusion Airless haute performance Corsair \u2013 sans COV, \u00e0 basse pression, id\u00e9al pour les applications sensibles comme les sprays de lavage nasal et les produits de soin.\" \/>\n<meta property=\"og:url\" content=\"https:\/\/www.powercontainer.com\/fr\/product\/corsair\/\" \/>\n<meta property=\"og:site_name\" content=\"PCC\" \/>\n<meta property=\"article:modified_time\" content=\"2025-10-09T13:37:45+00:00\" \/>\n<meta name=\"twitter:card\" content=\"summary_large_image\" \/>\n<script type=\"application\/ld+json\" class=\"yoast-schema-graph\">{\"@context\":\"https:\/\/schema.org\",\"@graph\":[{\"@type\":\"WebPage\",\"@id\":\"https:\/\/www.powercontainer.com\/fr\/product\/corsair\/\",\"url\":\"https:\/\/www.powercontainer.com\/fr\/product\/corsair\/\",\"name\":\"Syst\u00e8me de diffusion Airless pour emballages innovants | Corsair\",\"isPartOf\":{\"@id\":\"https:\/\/www.powercontainer.com\/#website\"},\"datePublished\":\"2018-02-10T16:53:00+00:00\",\"dateModified\":\"2025-10-09T13:37:45+00:00\",\"description\":\"D\u00e9couvrez le syst\u00e8me de diffusion Airless haute performance Corsair \u2013 sans COV, \u00e0 basse pression, id\u00e9al pour les applications sensibles comme les sprays de lavage nasal et les produits de soin.\",\"breadcrumb\":{\"@id\":\"https:\/\/www.powercontainer.com\/fr\/product\/corsair\/#breadcrumb\"},\"inLanguage\":\"fr-FR\",\"potentialAction\":[{\"@type\":\"ReadAction\",\"target\":[\"https:\/\/www.powercontainer.com\/fr\/product\/corsair\/\"]}]},{\"@type\":\"BreadcrumbList\",\"@id\":\"https:\/\/www.powercontainer.com\/fr\/product\/corsair\/#breadcrumb\",\"itemListElement\":[{\"@type\":\"ListItem\",\"position\":1,\"name\":\"Home\",\"item\":\"https:\/\/www.powercontainer.com\/fr\/\"},{\"@type\":\"ListItem\",\"position\":2,\"name\":\"Corsair\"}]},{\"@type\":\"WebSite\",\"@id\":\"https:\/\/www.powercontainer.com\/#website\",\"url\":\"https:\/\/www.powercontainer.com\/\",\"name\":\"PCC\",\"description\":\"\",\"potentialAction\":[{\"@type\":\"SearchAction\",\"target\":{\"@type\":\"EntryPoint\",\"urlTemplate\":\"https:\/\/www.powercontainer.com\/?s={search_term_string}\"},\"query-input\":{\"@type\":\"PropertyValueSpecification\",\"valueRequired\":true,\"valueName\":\"search_term_string\"}}],\"inLanguage\":\"fr-FR\"}]}<\/script>\n<!-- \/ Yoast SEO plugin. -->","yoast_head_json":{"title":"Syst\u00e8me de diffusion Airless pour emballages innovants | Corsair","description":"D\u00e9couvrez le syst\u00e8me de diffusion Airless haute performance Corsair \u2013 sans COV, \u00e0 basse pression, id\u00e9al pour les applications sensibles comme les sprays de lavage nasal et les produits de soin.","robots":{"index":"index","follow":"follow","max-snippet":"max-snippet:-1","max-image-preview":"max-image-preview:large","max-video-preview":"max-video-preview:-1"},"canonical":"https:\/\/www.powercontainer.com\/fr\/product\/corsair\/","og_locale":"fr_FR","og_type":"article","og_title":"Syst\u00e8me de diffusion Airless pour emballages innovants | Corsair","og_description":"D\u00e9couvrez le syst\u00e8me de diffusion Airless haute performance Corsair \u2013 sans COV, \u00e0 basse pression, id\u00e9al pour les applications sensibles comme les sprays de lavage nasal et les produits de soin.","og_url":"https:\/\/www.powercontainer.com\/fr\/product\/corsair\/","og_site_name":"PCC","article_modified_time":"2025-10-09T13:37:45+00:00","twitter_card":"summary_large_image","schema":{"@context":"https:\/\/schema.org","@graph":[{"@type":"WebPage","@id":"https:\/\/www.powercontainer.com\/fr\/product\/corsair\/","url":"https:\/\/www.powercontainer.com\/fr\/product\/corsair\/","name":"Syst\u00e8me de diffusion Airless pour emballages innovants | Corsair","isPartOf":{"@id":"https:\/\/www.powercontainer.com\/#website"},"datePublished":"2018-02-10T16:53:00+00:00","dateModified":"2025-10-09T13:37:45+00:00","description":"D\u00e9couvrez le syst\u00e8me de diffusion Airless haute performance Corsair \u2013 sans COV, \u00e0 basse pression, id\u00e9al pour les applications sensibles comme les sprays de lavage nasal et les produits de soin.","breadcrumb":{"@id":"https:\/\/www.powercontainer.com\/fr\/product\/corsair\/#breadcrumb"},"inLanguage":"fr-FR","potentialAction":[{"@type":"ReadAction","target":["https:\/\/www.powercontainer.com\/fr\/product\/corsair\/"]}]},{"@type":"BreadcrumbList","@id":"https:\/\/www.powercontainer.com\/fr\/product\/corsair\/#breadcrumb","itemListElement":[{"@type":"ListItem","position":1,"name":"Home","item":"https:\/\/www.powercontainer.com\/fr\/"},{"@type":"ListItem","position":2,"name":"Corsair"}]},{"@type":"WebSite","@id":"https:\/\/www.powercontainer.com\/#website","url":"https:\/\/www.powercontainer.com\/","name":"PCC","description":"","potentialAction":[{"@type":"SearchAction","target":{"@type":"EntryPoint","urlTemplate":"https:\/\/www.powercontainer.com\/?s={search_term_string}"},"query-input":{"@type":"PropertyValueSpecification","valueRequired":true,"valueName":"search_term_string"}}],"inLanguage":"fr-FR"}]}},"_links":{"self":[{"href":"https:\/\/www.powercontainer.com\/fr\/wp-json\/wp\/v2\/product\/523","targetHints":{"allow":["GET"]}}],"collection":[{"href":"https:\/\/www.powercontainer.com\/fr\/wp-json\/wp\/v2\/product"}],"about":[{"href":"https:\/\/www.powercontainer.com\/fr\/wp-json\/wp\/v2\/types\/product"}],"wp:attachment":[{"href":"https:\/\/www.powercontainer.com\/fr\/wp-json\/wp\/v2\/media?parent=523"}],"curies":[{"name":"wp","href":"https:\/\/api.w.org\/{rel}","templated":true}]}}