{"id":919,"date":"2025-03-13T19:30:40","date_gmt":"2025-03-13T19:30:40","guid":{"rendered":"https:\/\/www.powercontainer.com\/legal-notice\/"},"modified":"2025-09-22T11:32:22","modified_gmt":"2025-09-22T11:32:22","slug":"mentions-legales","status":"publish","type":"page","link":"https:\/\/www.powercontainer.com\/fr\/mentions-legales\/","title":{"rendered":"Mentions l\u00e9gales"},"content":{"rendered":"\n<h2 class=\"wp-block-heading\">\u00c9diteur<\/h2>\n\n\n\n<p>Le site web <a href=\"https:\/\/www.powercontainer.com\">https:\/\/www.powercontainer.com<\/a> est \u00e9dit\u00e9 et g\u00e9r\u00e9 par Power Container Corporation, repr\u00e9sent\u00e9e par Olivier Bertaud.<\/p>\n\n\n\n<p>Son si\u00e8ge social se situe au : 33 School House Road, NJ 08873 Somerset, United States.<\/p>\n\n\n\n<p>Num\u00e9ro d\u2019immatriculation au Registre du Commerce et des Soci\u00e9t\u00e9s de l\u2019\u00c9tat du New Jersey, \u00c9tats-Unis : 6142108748.<\/p>\n\n\n\n<p>Email : <a href=\"mailto:info@powercontainer.com\" target=\"_blank\" rel=\"noreferrer noopener\">info@powercontainer.com<\/a><\/p>\n\n\n\n<h2 class=\"wp-block-heading\">H\u00e9bergeur<\/h2>\n\n\n\n<p>Ce site est h\u00e9berg\u00e9 par : GoDaddy<br>Si\u00e8ge principal 14455 N. Hayden Rd., Ste. 226<br>Scottsdale, AZ 85260 USA<br>T\u00e9l\u00e9phone : 09 75 18 70 39<br>Adresse e-mail :\u00a0<a href=\"mailto:HQ@godaddy.com\" target=\"_blank\" rel=\"noreferrer noopener\">HQ@godaddy.com<\/a><br><a href=\"https:\/\/www.godaddy.com\">https:\/\/www.godaddy.com<\/a><br>GoDaddy.com, LLC est une filiale en propri\u00e9t\u00e9 exclusive de GoDaddy Inc.<\/p>\n\n\n\n<h2 class=\"wp-block-heading\">Propri\u00e9t\u00e9 Intellectuelle<\/h2>\n\n\n\n<h3 class=\"wp-block-heading\">Site et \u00e9l\u00e9ments composant le Site<\/h3>\n\n\n\n<p>Le site <a href=\"https:\/\/www.powercontainer.com\">www.powercontainer.com<\/a> ainsi que l\u2019ensemble des \u00e9l\u00e9ments composant le site (tels que notamment mais non exclusivement les textes, illustrations et bases de donn\u00e9es) sont la propri\u00e9t\u00e9 exclusive de Power Container Corporation et sont prot\u00e9g\u00e9s au titre du droit d\u2019auteur et du droit des bases de donn\u00e9es.&nbsp;<\/p>\n\n\n\n<p>Toute reproduction ou repr\u00e9sentation totale ou partielle du site, ou d\u2019un des \u00e9l\u00e9ments composant le site, faite sans l\u2019accord expr\u00e8s et pr\u00e9alable de Power Container Corporation est interdite conform\u00e9ment aux dispositions du code de la propri\u00e9t\u00e9 intellectuelle.<\/p>\n","protected":false},"excerpt":{"rendered":"<p>\u00c9diteur Le site web https:\/\/www.powercontainer.com est \u00e9dit\u00e9 et g\u00e9r\u00e9 par Power Container Corporation, repr\u00e9sent\u00e9e par Olivier Bertaud. Son si\u00e8ge social se situe au : 33 School House Road, NJ 08873 Somerset, United States. Num\u00e9ro d\u2019immatriculation au Registre du Commerce et des Soci\u00e9t\u00e9s de l\u2019\u00c9tat du New Jersey, \u00c9tats-Unis : 6142108748. Email : info@powercontainer.com H\u00e9bergeur Ce &hellip; <a href=\"https:\/\/www.powercontainer.com\/fr\/mentions-legales\/\">Continued<\/a><\/p>\n","protected":false},"author":8,"featured_media":0,"parent":0,"menu_order":0,"comment_status":"closed","ping_status":"closed","template":"","meta":{"_acf_changed":false,"footnotes":""},"class_list":["post-919","page","type-page","status-publish","hentry"],"acf":[],"yoast_head":"<!-- This site is optimized with the Yoast SEO plugin v24.1 - https:\/\/yoast.com\/wordpress\/plugins\/seo\/ -->\n<title>Mentions l\u00e9gales | Power Container Corporation<\/title>\n<meta name=\"description\" content=\"Consultez les mentions l\u00e9gales de Power Container Corporation.\" \/>\n<meta name=\"robots\" content=\"index, follow, max-snippet:-1, max-image-preview:large, max-video-preview:-1\" \/>\n<link rel=\"canonical\" href=\"https:\/\/www.powercontainer.com\/fr\/mentions-legales\/\" \/>\n<meta property=\"og:locale\" content=\"fr_FR\" \/>\n<meta property=\"og:type\" content=\"article\" \/>\n<meta property=\"og:title\" content=\"Mentions l\u00e9gales | Power Container Corporation\" \/>\n<meta property=\"og:description\" content=\"Consultez les mentions l\u00e9gales de Power Container Corporation.\" \/>\n<meta property=\"og:url\" content=\"https:\/\/www.powercontainer.com\/fr\/mentions-legales\/\" \/>\n<meta property=\"og:site_name\" content=\"PCC\" \/>\n<meta property=\"article:modified_time\" content=\"2025-09-22T11:32:22+00:00\" \/>\n<meta name=\"twitter:card\" content=\"summary_large_image\" \/>\n<meta name=\"twitter:label1\" content=\"Dur\u00e9e de lecture estim\u00e9e\" \/>\n\t<meta name=\"twitter:data1\" content=\"1 minute\" \/>\n<script type=\"application\/ld+json\" class=\"yoast-schema-graph\">{\"@context\":\"https:\/\/schema.org\",\"@graph\":[{\"@type\":\"WebPage\",\"@id\":\"https:\/\/www.powercontainer.com\/fr\/mentions-legales\/\",\"url\":\"https:\/\/www.powercontainer.com\/fr\/mentions-legales\/\",\"name\":\"Mentions l\u00e9gales | Power Container Corporation\",\"isPartOf\":{\"@id\":\"https:\/\/www.powercontainer.com\/#website\"},\"datePublished\":\"2025-03-13T19:30:40+00:00\",\"dateModified\":\"2025-09-22T11:32:22+00:00\",\"description\":\"Consultez les mentions l\u00e9gales de Power Container Corporation.\",\"breadcrumb\":{\"@id\":\"https:\/\/www.powercontainer.com\/fr\/mentions-legales\/#breadcrumb\"},\"inLanguage\":\"fr-FR\",\"potentialAction\":[{\"@type\":\"ReadAction\",\"target\":[\"https:\/\/www.powercontainer.com\/fr\/mentions-legales\/\"]}]},{\"@type\":\"BreadcrumbList\",\"@id\":\"https:\/\/www.powercontainer.com\/fr\/mentions-legales\/#breadcrumb\",\"itemListElement\":[{\"@type\":\"ListItem\",\"position\":1,\"name\":\"Home\",\"item\":\"https:\/\/www.powercontainer.com\/fr\/\"},{\"@type\":\"ListItem\",\"position\":2,\"name\":\"Mentions l\u00e9gales\"}]},{\"@type\":\"WebSite\",\"@id\":\"https:\/\/www.powercontainer.com\/#website\",\"url\":\"https:\/\/www.powercontainer.com\/\",\"name\":\"PCC\",\"description\":\"\",\"potentialAction\":[{\"@type\":\"SearchAction\",\"target\":{\"@type\":\"EntryPoint\",\"urlTemplate\":\"https:\/\/www.powercontainer.com\/?s={search_term_string}\"},\"query-input\":{\"@type\":\"PropertyValueSpecification\",\"valueRequired\":true,\"valueName\":\"search_term_string\"}}],\"inLanguage\":\"fr-FR\"}]}<\/script>\n<!-- \/ Yoast SEO plugin. -->","yoast_head_json":{"title":"Mentions l\u00e9gales | Power Container Corporation","description":"Consultez les mentions l\u00e9gales de Power Container Corporation.","robots":{"index":"index","follow":"follow","max-snippet":"max-snippet:-1","max-image-preview":"max-image-preview:large","max-video-preview":"max-video-preview:-1"},"canonical":"https:\/\/www.powercontainer.com\/fr\/mentions-legales\/","og_locale":"fr_FR","og_type":"article","og_title":"Mentions l\u00e9gales | Power Container Corporation","og_description":"Consultez les mentions l\u00e9gales de Power Container Corporation.","og_url":"https:\/\/www.powercontainer.com\/fr\/mentions-legales\/","og_site_name":"PCC","article_modified_time":"2025-09-22T11:32:22+00:00","twitter_card":"summary_large_image","twitter_misc":{"Dur\u00e9e de lecture estim\u00e9e":"1 minute"},"schema":{"@context":"https:\/\/schema.org","@graph":[{"@type":"WebPage","@id":"https:\/\/www.powercontainer.com\/fr\/mentions-legales\/","url":"https:\/\/www.powercontainer.com\/fr\/mentions-legales\/","name":"Mentions l\u00e9gales | Power Container Corporation","isPartOf":{"@id":"https:\/\/www.powercontainer.com\/#website"},"datePublished":"2025-03-13T19:30:40+00:00","dateModified":"2025-09-22T11:32:22+00:00","description":"Consultez les mentions l\u00e9gales de Power Container Corporation.","breadcrumb":{"@id":"https:\/\/www.powercontainer.com\/fr\/mentions-legales\/#breadcrumb"},"inLanguage":"fr-FR","potentialAction":[{"@type":"ReadAction","target":["https:\/\/www.powercontainer.com\/fr\/mentions-legales\/"]}]},{"@type":"BreadcrumbList","@id":"https:\/\/www.powercontainer.com\/fr\/mentions-legales\/#breadcrumb","itemListElement":[{"@type":"ListItem","position":1,"name":"Home","item":"https:\/\/www.powercontainer.com\/fr\/"},{"@type":"ListItem","position":2,"name":"Mentions l\u00e9gales"}]},{"@type":"WebSite","@id":"https:\/\/www.powercontainer.com\/#website","url":"https:\/\/www.powercontainer.com\/","name":"PCC","description":"","potentialAction":[{"@type":"SearchAction","target":{"@type":"EntryPoint","urlTemplate":"https:\/\/www.powercontainer.com\/?s={search_term_string}"},"query-input":{"@type":"PropertyValueSpecification","valueRequired":true,"valueName":"search_term_string"}}],"inLanguage":"fr-FR"}]}},"_links":{"self":[{"href":"https:\/\/www.powercontainer.com\/fr\/wp-json\/wp\/v2\/pages\/919","targetHints":{"allow":["GET"]}}],"collection":[{"href":"https:\/\/www.powercontainer.com\/fr\/wp-json\/wp\/v2\/pages"}],"about":[{"href":"https:\/\/www.powercontainer.com\/fr\/wp-json\/wp\/v2\/types\/page"}],"author":[{"embeddable":true,"href":"https:\/\/www.powercontainer.com\/fr\/wp-json\/wp\/v2\/users\/8"}],"replies":[{"embeddable":true,"href":"https:\/\/www.powercontainer.com\/fr\/wp-json\/wp\/v2\/comments?post=919"}],"version-history":[{"count":3,"href":"https:\/\/www.powercontainer.com\/fr\/wp-json\/wp\/v2\/pages\/919\/revisions"}],"predecessor-version":[{"id":1396,"href":"https:\/\/www.powercontainer.com\/fr\/wp-json\/wp\/v2\/pages\/919\/revisions\/1396"}],"wp:attachment":[{"href":"https:\/\/www.powercontainer.com\/fr\/wp-json\/wp\/v2\/media?parent=919"}],"curies":[{"name":"wp","href":"https:\/\/api.w.org\/{rel}","templated":true}]}}