{"id":895,"date":"2025-02-24T13:58:47","date_gmt":"2025-02-24T13:58:47","guid":{"rendered":"https:\/\/www.powercontainer.com\/cookie-policy\/"},"modified":"2025-06-25T09:48:37","modified_gmt":"2025-06-25T09:48:37","slug":"politique-en-matiere-de-cookies","status":"publish","type":"page","link":"https:\/\/www.powercontainer.com\/fr\/politique-en-matiere-de-cookies\/","title":{"rendered":"Politique en mati\u00e8re de cookies"},"content":{"rendered":"\n<p><strong>Date d\u2019entr\u00e9e en vigueur :<\/strong> 24 f\u00e9vrier 2025<br><strong>Derni\u00e8re mise \u00e0 jour :<\/strong> 24 f\u00e9vrier 2025<\/p>\n\n\n\n<h2 class=\"wp-block-heading\">Qu\u2019est-ce qu\u2019un cookie ?<\/h2>\n\n\n\n<p>La pr\u00e9sente Politique de Cookies explique ce que sont les cookies, comment nous les utilisons, les types de cookies que nous utilisons (c\u2019est-\u00e0-dire les informations que nous collectons via les cookies et la fa\u00e7on dont ces informations sont utilis\u00e9es), ainsi que la mani\u00e8re de g\u00e9rer vos pr\u00e9f\u00e9rences en mati\u00e8re de cookies.<\/p>\n\n\n\n<p>Les cookies sont de petits fichiers texte utilis\u00e9s pour stocker de petites quantit\u00e9s d\u2019informations. Ils sont enregistr\u00e9s sur votre appareil lorsque le site web est charg\u00e9 dans votre navigateur. Ces cookies nous aident \u00e0 faire fonctionner le site correctement, \u00e0 le rendre plus s\u00e9curis\u00e9, \u00e0 am\u00e9liorer votre exp\u00e9rience utilisateur, ainsi qu\u2019\u00e0 analyser ses performances pour identifier ce qui fonctionne bien et ce qui doit \u00eatre am\u00e9lior\u00e9.<\/p>\n\n\n\n<h2 class=\"wp-block-heading\">Comment utilisons-nous les cookies ?<\/h2>\n\n\n\n<p>Comme la plupart des services en ligne, notre site utilise des cookies internes (first-party) et des cookies tiers (third-party) pour diff\u00e9rentes finalit\u00e9s.<br>Les cookies internes sont principalement n\u00e9cessaires au bon fonctionnement du site web et <strong>ne collectent aucune donn\u00e9e personnelle identifiable<\/strong>.<\/p>\n\n\n\n<p>Les cookies tiers utilis\u00e9s sur notre site servent principalement \u00e0 analyser les performances du site, comprendre comment vous interagissez avec lui, garantir la s\u00e9curit\u00e9 de nos services, afficher des publicit\u00e9s pertinentes pour vous et, globalement, \u00e0 vous offrir une <strong>exp\u00e9rience utilisateur am\u00e9lior\u00e9e<\/strong> ainsi qu\u2019\u00e0 <strong>acc\u00e9l\u00e9rer vos interactions futures<\/strong> avec notre site.<\/p>\n\n\n\n<h2 class=\"wp-block-heading\">Types de cookies que nous utilisons<\/h2>\n\n\n\n<div class=\"cky-audit-table-element\"><\/div>\n\n\n\n<h2 class=\"wp-block-heading\">G\u00e9rer les pr\u00e9f\u00e9rences en mati\u00e8re de cookies<\/h2>\n\n\n\n<a class=\"cky-banner-element btn btn-blue\">Cookie Settings<\/a> <br\/>\n\n<div><p>Vous pouvez modifier vos pr\u00e9f\u00e9rences en mati\u00e8re de cookies \u00e0 tout moment en cliquant sur le bouton ci-dessus. Cela vous permettra de revoir le bandeau de consentement aux cookies, de changer vos pr\u00e9f\u00e9rences ou de retirer votre consentement imm\u00e9diatement. <\/p> <p>En compl\u00e9ment, diff\u00e9rents navigateurs proposent des m\u00e9thodes diff\u00e9rentes pour bloquer ou supprimer les cookies utilis\u00e9s par les sites web. Vous pouvez modifier les param\u00e8tres de votre navigateur pour bloquer ou supprimer les cookies. Vous trouverez ci-dessous les liens vers la documentation d\u2019aide des principaux navigateurs :<\/p> <p>Chrome: <a target=\"_blank\" href=\"https:\/\/support.google.com\/accounts\/answer\/32050\">https:\/\/support.google.com\/accounts\/answer\/32050<\/a><\/p><p>Safari: <a target=\"_blank\" href=\"https:\/\/support.apple.com\/en-in\/guide\/safari\/sfri11471\/mac\">https:\/\/support.apple.com\/en-in\/guide\/safari\/sfri11471\/mac<\/a><\/p><p>Firefox: <a target=\"_blank\" href=\"https:\/\/support.mozilla.org\/en-US\/kb\/clear-cookies-and-site-data-firefox?redirectslug=delete-cookies-remove-info-websites-stored&#038;redirectlocale=en-US\">https:\/\/support.mozilla.org\/en-US\/kb\/clear-cookies-and-site-data-firefox?redirectslug=delete-cookies-remove-info-websites-stored&#038;redirectlocale=en-US<\/a><\/p><p>Internet Explorer: <a target=\"_blank\" href=\"https:\/\/support.microsoft.com\/en-us\/topic\/how-to-delete-cookie-files-in-internet-explorer-bca9446f-d873-78de-77ba-d42645fa52fc\">https:\/\/support.microsoft.com\/en-us\/topic\/how-to-delete-cookie-files-in-internet-explorer-bca9446f-d873-78de-77ba-d42645fa52fc<\/a><\/p><p>If you are using any other web browser, please visit your browser\u2019s official support documents.<\/p><\/div>\n","protected":false},"excerpt":{"rendered":"<p>Date d\u2019entr\u00e9e en vigueur : 24 f\u00e9vrier 2025Derni\u00e8re mise \u00e0 jour : 24 f\u00e9vrier 2025 Qu\u2019est-ce qu\u2019un cookie ? La pr\u00e9sente Politique de Cookies explique ce que sont les cookies, comment nous les utilisons, les types de cookies que nous utilisons (c\u2019est-\u00e0-dire les informations que nous collectons via les cookies et la fa\u00e7on dont ces &hellip; <a href=\"https:\/\/www.powercontainer.com\/fr\/politique-en-matiere-de-cookies\/\">Continued<\/a><\/p>\n","protected":false},"author":8,"featured_media":0,"parent":0,"menu_order":0,"comment_status":"closed","ping_status":"closed","template":"","meta":{"_acf_changed":false,"footnotes":""},"class_list":["post-895","page","type-page","status-publish","hentry"],"acf":[],"yoast_head":"<!-- This site is optimized with the Yoast SEO plugin v24.1 - https:\/\/yoast.com\/wordpress\/plugins\/seo\/ -->\n<title>Politique en mati\u00e8re de cookies - PCC<\/title>\n<meta name=\"robots\" content=\"index, follow, max-snippet:-1, max-image-preview:large, max-video-preview:-1\" \/>\n<link rel=\"canonical\" href=\"https:\/\/www.powercontainer.com\/fr\/politique-en-matiere-de-cookies\/\" \/>\n<meta property=\"og:locale\" content=\"fr_FR\" \/>\n<meta property=\"og:type\" content=\"article\" \/>\n<meta property=\"og:title\" content=\"Politique en mati\u00e8re de cookies - PCC\" \/>\n<meta property=\"og:description\" content=\"Date d\u2019entr\u00e9e en vigueur : 24 f\u00e9vrier 2025Derni\u00e8re mise \u00e0 jour : 24 f\u00e9vrier 2025 Qu\u2019est-ce qu\u2019un cookie ? La pr\u00e9sente Politique de Cookies explique ce que sont les cookies, comment nous les utilisons, les types de cookies que nous utilisons (c\u2019est-\u00e0-dire les informations que nous collectons via les cookies et la fa\u00e7on dont ces &hellip; Continued\" \/>\n<meta property=\"og:url\" content=\"https:\/\/www.powercontainer.com\/fr\/politique-en-matiere-de-cookies\/\" \/>\n<meta property=\"og:site_name\" content=\"PCC\" \/>\n<meta property=\"article:modified_time\" content=\"2025-06-25T09:48:37+00:00\" \/>\n<meta name=\"twitter:card\" content=\"summary_large_image\" \/>\n<meta name=\"twitter:label1\" content=\"Dur\u00e9e de lecture estim\u00e9e\" \/>\n\t<meta name=\"twitter:data1\" content=\"2 minutes\" \/>\n<script type=\"application\/ld+json\" class=\"yoast-schema-graph\">{\"@context\":\"https:\/\/schema.org\",\"@graph\":[{\"@type\":\"WebPage\",\"@id\":\"https:\/\/www.powercontainer.com\/fr\/politique-en-matiere-de-cookies\/\",\"url\":\"https:\/\/www.powercontainer.com\/fr\/politique-en-matiere-de-cookies\/\",\"name\":\"Politique en mati\u00e8re de cookies - PCC\",\"isPartOf\":{\"@id\":\"https:\/\/www.powercontainer.com\/#website\"},\"datePublished\":\"2025-02-24T13:58:47+00:00\",\"dateModified\":\"2025-06-25T09:48:37+00:00\",\"breadcrumb\":{\"@id\":\"https:\/\/www.powercontainer.com\/fr\/politique-en-matiere-de-cookies\/#breadcrumb\"},\"inLanguage\":\"fr-FR\",\"potentialAction\":[{\"@type\":\"ReadAction\",\"target\":[\"https:\/\/www.powercontainer.com\/fr\/politique-en-matiere-de-cookies\/\"]}]},{\"@type\":\"BreadcrumbList\",\"@id\":\"https:\/\/www.powercontainer.com\/fr\/politique-en-matiere-de-cookies\/#breadcrumb\",\"itemListElement\":[{\"@type\":\"ListItem\",\"position\":1,\"name\":\"Home\",\"item\":\"https:\/\/www.powercontainer.com\/fr\/\"},{\"@type\":\"ListItem\",\"position\":2,\"name\":\"Politique en mati\u00e8re de cookies\"}]},{\"@type\":\"WebSite\",\"@id\":\"https:\/\/www.powercontainer.com\/#website\",\"url\":\"https:\/\/www.powercontainer.com\/\",\"name\":\"PCC\",\"description\":\"\",\"potentialAction\":[{\"@type\":\"SearchAction\",\"target\":{\"@type\":\"EntryPoint\",\"urlTemplate\":\"https:\/\/www.powercontainer.com\/?s={search_term_string}\"},\"query-input\":{\"@type\":\"PropertyValueSpecification\",\"valueRequired\":true,\"valueName\":\"search_term_string\"}}],\"inLanguage\":\"fr-FR\"}]}<\/script>\n<!-- \/ Yoast SEO plugin. -->","yoast_head_json":{"title":"Politique en mati\u00e8re de cookies - PCC","robots":{"index":"index","follow":"follow","max-snippet":"max-snippet:-1","max-image-preview":"max-image-preview:large","max-video-preview":"max-video-preview:-1"},"canonical":"https:\/\/www.powercontainer.com\/fr\/politique-en-matiere-de-cookies\/","og_locale":"fr_FR","og_type":"article","og_title":"Politique en mati\u00e8re de cookies - PCC","og_description":"Date d\u2019entr\u00e9e en vigueur : 24 f\u00e9vrier 2025Derni\u00e8re mise \u00e0 jour : 24 f\u00e9vrier 2025 Qu\u2019est-ce qu\u2019un cookie ? La pr\u00e9sente Politique de Cookies explique ce que sont les cookies, comment nous les utilisons, les types de cookies que nous utilisons (c\u2019est-\u00e0-dire les informations que nous collectons via les cookies et la fa\u00e7on dont ces &hellip; Continued","og_url":"https:\/\/www.powercontainer.com\/fr\/politique-en-matiere-de-cookies\/","og_site_name":"PCC","article_modified_time":"2025-06-25T09:48:37+00:00","twitter_card":"summary_large_image","twitter_misc":{"Dur\u00e9e de lecture estim\u00e9e":"2 minutes"},"schema":{"@context":"https:\/\/schema.org","@graph":[{"@type":"WebPage","@id":"https:\/\/www.powercontainer.com\/fr\/politique-en-matiere-de-cookies\/","url":"https:\/\/www.powercontainer.com\/fr\/politique-en-matiere-de-cookies\/","name":"Politique en mati\u00e8re de cookies - PCC","isPartOf":{"@id":"https:\/\/www.powercontainer.com\/#website"},"datePublished":"2025-02-24T13:58:47+00:00","dateModified":"2025-06-25T09:48:37+00:00","breadcrumb":{"@id":"https:\/\/www.powercontainer.com\/fr\/politique-en-matiere-de-cookies\/#breadcrumb"},"inLanguage":"fr-FR","potentialAction":[{"@type":"ReadAction","target":["https:\/\/www.powercontainer.com\/fr\/politique-en-matiere-de-cookies\/"]}]},{"@type":"BreadcrumbList","@id":"https:\/\/www.powercontainer.com\/fr\/politique-en-matiere-de-cookies\/#breadcrumb","itemListElement":[{"@type":"ListItem","position":1,"name":"Home","item":"https:\/\/www.powercontainer.com\/fr\/"},{"@type":"ListItem","position":2,"name":"Politique en mati\u00e8re de cookies"}]},{"@type":"WebSite","@id":"https:\/\/www.powercontainer.com\/#website","url":"https:\/\/www.powercontainer.com\/","name":"PCC","description":"","potentialAction":[{"@type":"SearchAction","target":{"@type":"EntryPoint","urlTemplate":"https:\/\/www.powercontainer.com\/?s={search_term_string}"},"query-input":{"@type":"PropertyValueSpecification","valueRequired":true,"valueName":"search_term_string"}}],"inLanguage":"fr-FR"}]}},"_links":{"self":[{"href":"https:\/\/www.powercontainer.com\/fr\/wp-json\/wp\/v2\/pages\/895","targetHints":{"allow":["GET"]}}],"collection":[{"href":"https:\/\/www.powercontainer.com\/fr\/wp-json\/wp\/v2\/pages"}],"about":[{"href":"https:\/\/www.powercontainer.com\/fr\/wp-json\/wp\/v2\/types\/page"}],"author":[{"embeddable":true,"href":"https:\/\/www.powercontainer.com\/fr\/wp-json\/wp\/v2\/users\/8"}],"replies":[{"embeddable":true,"href":"https:\/\/www.powercontainer.com\/fr\/wp-json\/wp\/v2\/comments?post=895"}],"version-history":[{"count":4,"href":"https:\/\/www.powercontainer.com\/fr\/wp-json\/wp\/v2\/pages\/895\/revisions"}],"predecessor-version":[{"id":1406,"href":"https:\/\/www.powercontainer.com\/fr\/wp-json\/wp\/v2\/pages\/895\/revisions\/1406"}],"wp:attachment":[{"href":"https:\/\/www.powercontainer.com\/fr\/wp-json\/wp\/v2\/media?parent=895"}],"curies":[{"name":"wp","href":"https:\/\/api.w.org\/{rel}","templated":true}]}}