{"id":662,"date":"2025-02-16T13:45:35","date_gmt":"2025-02-16T13:45:35","guid":{"rendered":"https:\/\/www.powercontainer.com\/?page_id=662"},"modified":"2025-02-20T16:44:08","modified_gmt":"2025-02-20T16:44:08","slug":"technologie-bag-on-valve","status":"publish","type":"page","link":"https:\/\/www.powercontainer.com\/fr\/technologie-bag-on-valve\/","title":{"rendered":"Technologie Bag-On-Valve"},"content":{"rendered":"","protected":false},"excerpt":{"rendered":"","protected":false},"author":8,"featured_media":0,"parent":0,"menu_order":0,"comment_status":"closed","ping_status":"closed","template":"tmpl-bag-on-valve.php","meta":{"_acf_changed":false,"footnotes":""},"class_list":["post-662","page","type-page","status-publish","hentry"],"acf":[],"yoast_head":"<!-- This site is optimized with the Yoast SEO plugin v24.1 - https:\/\/yoast.com\/wordpress\/plugins\/seo\/ -->\n<title>Technologie Bag-On-Valve | Syst\u00e8me de diffusion fiable et pr\u00e9cis<\/title>\n<meta name=\"description\" content=\"D\u00e9couvrez la technologie Bag-On-Valve\u2014 syst\u00e8me de diffusion assurant pr\u00e9cision, fiabilit\u00e9 et l&#039;int\u00e9grit\u00e9 du produit dans de nombreux secteurs\" \/>\n<meta name=\"robots\" content=\"index, follow, max-snippet:-1, max-image-preview:large, max-video-preview:-1\" \/>\n<link rel=\"canonical\" href=\"https:\/\/www.powercontainer.com\/fr\/technologie-bag-on-valve\/\" \/>\n<meta property=\"og:locale\" content=\"fr_FR\" \/>\n<meta property=\"og:type\" content=\"article\" \/>\n<meta property=\"og:title\" content=\"Technologie Bag-On-Valve | Syst\u00e8me de diffusion fiable et pr\u00e9cis\" \/>\n<meta property=\"og:description\" content=\"D\u00e9couvrez la technologie Bag-On-Valve\u2014 syst\u00e8me de diffusion assurant pr\u00e9cision, fiabilit\u00e9 et l&#039;int\u00e9grit\u00e9 du produit dans de nombreux secteurs\" \/>\n<meta property=\"og:url\" content=\"https:\/\/www.powercontainer.com\/fr\/technologie-bag-on-valve\/\" \/>\n<meta property=\"og:site_name\" content=\"PCC\" \/>\n<meta property=\"article:modified_time\" content=\"2025-02-20T16:44:08+00:00\" \/>\n<meta name=\"twitter:card\" content=\"summary_large_image\" \/>\n<script type=\"application\/ld+json\" class=\"yoast-schema-graph\">{\"@context\":\"https:\/\/schema.org\",\"@graph\":[{\"@type\":\"WebPage\",\"@id\":\"https:\/\/www.powercontainer.com\/fr\/technologie-bag-on-valve\/\",\"url\":\"https:\/\/www.powercontainer.com\/fr\/technologie-bag-on-valve\/\",\"name\":\"Technologie Bag-On-Valve | Syst\u00e8me de diffusion fiable et pr\u00e9cis\",\"isPartOf\":{\"@id\":\"https:\/\/www.powercontainer.com\/#website\"},\"datePublished\":\"2025-02-16T13:45:35+00:00\",\"dateModified\":\"2025-02-20T16:44:08+00:00\",\"description\":\"D\u00e9couvrez la technologie Bag-On-Valve\u2014 syst\u00e8me de diffusion assurant pr\u00e9cision, fiabilit\u00e9 et l'int\u00e9grit\u00e9 du produit dans de nombreux secteurs\",\"breadcrumb\":{\"@id\":\"https:\/\/www.powercontainer.com\/fr\/technologie-bag-on-valve\/#breadcrumb\"},\"inLanguage\":\"fr-FR\",\"potentialAction\":[{\"@type\":\"ReadAction\",\"target\":[\"https:\/\/www.powercontainer.com\/fr\/technologie-bag-on-valve\/\"]}]},{\"@type\":\"BreadcrumbList\",\"@id\":\"https:\/\/www.powercontainer.com\/fr\/technologie-bag-on-valve\/#breadcrumb\",\"itemListElement\":[{\"@type\":\"ListItem\",\"position\":1,\"name\":\"Home\",\"item\":\"https:\/\/www.powercontainer.com\/fr\/\"},{\"@type\":\"ListItem\",\"position\":2,\"name\":\"Technologie Bag-On-Valve\"}]},{\"@type\":\"WebSite\",\"@id\":\"https:\/\/www.powercontainer.com\/#website\",\"url\":\"https:\/\/www.powercontainer.com\/\",\"name\":\"PCC\",\"description\":\"\",\"potentialAction\":[{\"@type\":\"SearchAction\",\"target\":{\"@type\":\"EntryPoint\",\"urlTemplate\":\"https:\/\/www.powercontainer.com\/?s={search_term_string}\"},\"query-input\":{\"@type\":\"PropertyValueSpecification\",\"valueRequired\":true,\"valueName\":\"search_term_string\"}}],\"inLanguage\":\"fr-FR\"}]}<\/script>\n<!-- \/ Yoast SEO plugin. -->","yoast_head_json":{"title":"Technologie Bag-On-Valve | Syst\u00e8me de diffusion fiable et pr\u00e9cis","description":"D\u00e9couvrez la technologie Bag-On-Valve\u2014 syst\u00e8me de diffusion assurant pr\u00e9cision, fiabilit\u00e9 et l'int\u00e9grit\u00e9 du produit dans de nombreux secteurs","robots":{"index":"index","follow":"follow","max-snippet":"max-snippet:-1","max-image-preview":"max-image-preview:large","max-video-preview":"max-video-preview:-1"},"canonical":"https:\/\/www.powercontainer.com\/fr\/technologie-bag-on-valve\/","og_locale":"fr_FR","og_type":"article","og_title":"Technologie Bag-On-Valve | Syst\u00e8me de diffusion fiable et pr\u00e9cis","og_description":"D\u00e9couvrez la technologie Bag-On-Valve\u2014 syst\u00e8me de diffusion assurant pr\u00e9cision, fiabilit\u00e9 et l'int\u00e9grit\u00e9 du produit dans de nombreux secteurs","og_url":"https:\/\/www.powercontainer.com\/fr\/technologie-bag-on-valve\/","og_site_name":"PCC","article_modified_time":"2025-02-20T16:44:08+00:00","twitter_card":"summary_large_image","schema":{"@context":"https:\/\/schema.org","@graph":[{"@type":"WebPage","@id":"https:\/\/www.powercontainer.com\/fr\/technologie-bag-on-valve\/","url":"https:\/\/www.powercontainer.com\/fr\/technologie-bag-on-valve\/","name":"Technologie Bag-On-Valve | Syst\u00e8me de diffusion fiable et pr\u00e9cis","isPartOf":{"@id":"https:\/\/www.powercontainer.com\/#website"},"datePublished":"2025-02-16T13:45:35+00:00","dateModified":"2025-02-20T16:44:08+00:00","description":"D\u00e9couvrez la technologie Bag-On-Valve\u2014 syst\u00e8me de diffusion assurant pr\u00e9cision, fiabilit\u00e9 et l'int\u00e9grit\u00e9 du produit dans de nombreux secteurs","breadcrumb":{"@id":"https:\/\/www.powercontainer.com\/fr\/technologie-bag-on-valve\/#breadcrumb"},"inLanguage":"fr-FR","potentialAction":[{"@type":"ReadAction","target":["https:\/\/www.powercontainer.com\/fr\/technologie-bag-on-valve\/"]}]},{"@type":"BreadcrumbList","@id":"https:\/\/www.powercontainer.com\/fr\/technologie-bag-on-valve\/#breadcrumb","itemListElement":[{"@type":"ListItem","position":1,"name":"Home","item":"https:\/\/www.powercontainer.com\/fr\/"},{"@type":"ListItem","position":2,"name":"Technologie Bag-On-Valve"}]},{"@type":"WebSite","@id":"https:\/\/www.powercontainer.com\/#website","url":"https:\/\/www.powercontainer.com\/","name":"PCC","description":"","potentialAction":[{"@type":"SearchAction","target":{"@type":"EntryPoint","urlTemplate":"https:\/\/www.powercontainer.com\/?s={search_term_string}"},"query-input":{"@type":"PropertyValueSpecification","valueRequired":true,"valueName":"search_term_string"}}],"inLanguage":"fr-FR"}]}},"_links":{"self":[{"href":"https:\/\/www.powercontainer.com\/fr\/wp-json\/wp\/v2\/pages\/662","targetHints":{"allow":["GET"]}}],"collection":[{"href":"https:\/\/www.powercontainer.com\/fr\/wp-json\/wp\/v2\/pages"}],"about":[{"href":"https:\/\/www.powercontainer.com\/fr\/wp-json\/wp\/v2\/types\/page"}],"author":[{"embeddable":true,"href":"https:\/\/www.powercontainer.com\/fr\/wp-json\/wp\/v2\/users\/8"}],"replies":[{"embeddable":true,"href":"https:\/\/www.powercontainer.com\/fr\/wp-json\/wp\/v2\/comments?post=662"}],"version-history":[{"count":26,"href":"https:\/\/www.powercontainer.com\/fr\/wp-json\/wp\/v2\/pages\/662\/revisions"}],"predecessor-version":[{"id":885,"href":"https:\/\/www.powercontainer.com\/fr\/wp-json\/wp\/v2\/pages\/662\/revisions\/885"}],"wp:attachment":[{"href":"https:\/\/www.powercontainer.com\/fr\/wp-json\/wp\/v2\/media?parent=662"}],"curies":[{"name":"wp","href":"https:\/\/api.w.org\/{rel}","templated":true}]}}