{"id":1015,"date":"2018-02-02T18:27:02","date_gmt":"2018-02-02T18:27:02","guid":{"rendered":"https:\/\/www.powercontainer.com\/product\/power-pouch\/"},"modified":"2025-06-05T14:32:44","modified_gmt":"2025-06-05T14:32:44","slug":"power-pouch","status":"publish","type":"product","link":"https:\/\/www.powercontainer.com\/es\/product\/power-pouch\/","title":{"rendered":"Power Pouch"},"content":{"rendered":"","protected":false},"featured_media":0,"template":"tmpl-product.php","class_list":["post-1015","product","type-product","status-publish","hentry"],"acf":[],"yoast_head":"<!-- This site is optimized with the Yoast SEO plugin v24.1 - https:\/\/yoast.com\/wordpress\/plugins\/seo\/ -->\n<title>Envase PET Bag-On-Valve avanzado con Power Pouch<\/title>\n<meta name=\"description\" content=\"Descubre Power Pouch, una soluci\u00f3n de envasado PET Bag-on-Valve que ofrece dispensaci\u00f3n robusta, ecol\u00f3gica y vers\u00e1til para l\u00edquidos y geles.\" \/>\n<meta name=\"robots\" content=\"index, follow, max-snippet:-1, max-image-preview:large, max-video-preview:-1\" \/>\n<link rel=\"canonical\" href=\"https:\/\/www.powercontainer.com\/product\/power-pouch\/\" \/>\n<meta property=\"og:locale\" content=\"es_ES\" \/>\n<meta property=\"og:type\" content=\"article\" \/>\n<meta property=\"og:title\" content=\"Envase PET Bag-On-Valve avanzado con Power Pouch\" \/>\n<meta property=\"og:description\" content=\"Descubre Power Pouch, una soluci\u00f3n de envasado PET Bag-on-Valve que ofrece dispensaci\u00f3n robusta, ecol\u00f3gica y vers\u00e1til para l\u00edquidos y geles.\" \/>\n<meta property=\"og:url\" content=\"https:\/\/www.powercontainer.com\/product\/power-pouch\/\" \/>\n<meta property=\"og:site_name\" content=\"PCC\" \/>\n<meta property=\"article:modified_time\" content=\"2025-06-05T14:32:44+00:00\" \/>\n<meta name=\"twitter:card\" content=\"summary_large_image\" \/>\n<script type=\"application\/ld+json\" class=\"yoast-schema-graph\">{\"@context\":\"https:\/\/schema.org\",\"@graph\":[{\"@type\":\"WebPage\",\"@id\":\"https:\/\/www.powercontainer.com\/product\/power-pouch\/\",\"url\":\"https:\/\/www.powercontainer.com\/product\/power-pouch\/\",\"name\":\"Envase PET Bag-On-Valve avanzado con Power Pouch\",\"isPartOf\":{\"@id\":\"https:\/\/www.powercontainer.com\/#website\"},\"datePublished\":\"2018-02-02T18:27:02+00:00\",\"dateModified\":\"2025-06-05T14:32:44+00:00\",\"description\":\"Descubre Power Pouch, una soluci\u00f3n de envasado PET Bag-on-Valve que ofrece dispensaci\u00f3n robusta, ecol\u00f3gica y vers\u00e1til para l\u00edquidos y geles.\",\"breadcrumb\":{\"@id\":\"https:\/\/www.powercontainer.com\/product\/power-pouch\/#breadcrumb\"},\"inLanguage\":\"es\",\"potentialAction\":[{\"@type\":\"ReadAction\",\"target\":[\"https:\/\/www.powercontainer.com\/product\/power-pouch\/\"]}]},{\"@type\":\"BreadcrumbList\",\"@id\":\"https:\/\/www.powercontainer.com\/product\/power-pouch\/#breadcrumb\",\"itemListElement\":[{\"@type\":\"ListItem\",\"position\":1,\"name\":\"Home\",\"item\":\"https:\/\/www.powercontainer.com\/es\/\"},{\"@type\":\"ListItem\",\"position\":2,\"name\":\"Power Pouch\"}]},{\"@type\":\"WebSite\",\"@id\":\"https:\/\/www.powercontainer.com\/#website\",\"url\":\"https:\/\/www.powercontainer.com\/\",\"name\":\"PCC\",\"description\":\"\",\"potentialAction\":[{\"@type\":\"SearchAction\",\"target\":{\"@type\":\"EntryPoint\",\"urlTemplate\":\"https:\/\/www.powercontainer.com\/?s={search_term_string}\"},\"query-input\":{\"@type\":\"PropertyValueSpecification\",\"valueRequired\":true,\"valueName\":\"search_term_string\"}}],\"inLanguage\":\"es\"}]}<\/script>\n<!-- \/ Yoast SEO plugin. -->","yoast_head_json":{"title":"Envase PET Bag-On-Valve avanzado con Power Pouch","description":"Descubre Power Pouch, una soluci\u00f3n de envasado PET Bag-on-Valve que ofrece dispensaci\u00f3n robusta, ecol\u00f3gica y vers\u00e1til para l\u00edquidos y geles.","robots":{"index":"index","follow":"follow","max-snippet":"max-snippet:-1","max-image-preview":"max-image-preview:large","max-video-preview":"max-video-preview:-1"},"canonical":"https:\/\/www.powercontainer.com\/product\/power-pouch\/","og_locale":"es_ES","og_type":"article","og_title":"Envase PET Bag-On-Valve avanzado con Power Pouch","og_description":"Descubre Power Pouch, una soluci\u00f3n de envasado PET Bag-on-Valve que ofrece dispensaci\u00f3n robusta, ecol\u00f3gica y vers\u00e1til para l\u00edquidos y geles.","og_url":"https:\/\/www.powercontainer.com\/product\/power-pouch\/","og_site_name":"PCC","article_modified_time":"2025-06-05T14:32:44+00:00","twitter_card":"summary_large_image","schema":{"@context":"https:\/\/schema.org","@graph":[{"@type":"WebPage","@id":"https:\/\/www.powercontainer.com\/product\/power-pouch\/","url":"https:\/\/www.powercontainer.com\/product\/power-pouch\/","name":"Envase PET Bag-On-Valve avanzado con Power Pouch","isPartOf":{"@id":"https:\/\/www.powercontainer.com\/#website"},"datePublished":"2018-02-02T18:27:02+00:00","dateModified":"2025-06-05T14:32:44+00:00","description":"Descubre Power Pouch, una soluci\u00f3n de envasado PET Bag-on-Valve que ofrece dispensaci\u00f3n robusta, ecol\u00f3gica y vers\u00e1til para l\u00edquidos y geles.","breadcrumb":{"@id":"https:\/\/www.powercontainer.com\/product\/power-pouch\/#breadcrumb"},"inLanguage":"es","potentialAction":[{"@type":"ReadAction","target":["https:\/\/www.powercontainer.com\/product\/power-pouch\/"]}]},{"@type":"BreadcrumbList","@id":"https:\/\/www.powercontainer.com\/product\/power-pouch\/#breadcrumb","itemListElement":[{"@type":"ListItem","position":1,"name":"Home","item":"https:\/\/www.powercontainer.com\/es\/"},{"@type":"ListItem","position":2,"name":"Power Pouch"}]},{"@type":"WebSite","@id":"https:\/\/www.powercontainer.com\/#website","url":"https:\/\/www.powercontainer.com\/","name":"PCC","description":"","potentialAction":[{"@type":"SearchAction","target":{"@type":"EntryPoint","urlTemplate":"https:\/\/www.powercontainer.com\/?s={search_term_string}"},"query-input":{"@type":"PropertyValueSpecification","valueRequired":true,"valueName":"search_term_string"}}],"inLanguage":"es"}]}},"_links":{"self":[{"href":"https:\/\/www.powercontainer.com\/es\/wp-json\/wp\/v2\/product\/1015","targetHints":{"allow":["GET"]}}],"collection":[{"href":"https:\/\/www.powercontainer.com\/es\/wp-json\/wp\/v2\/product"}],"about":[{"href":"https:\/\/www.powercontainer.com\/es\/wp-json\/wp\/v2\/types\/product"}],"wp:attachment":[{"href":"https:\/\/www.powercontainer.com\/es\/wp-json\/wp\/v2\/media?parent=1015"}],"curies":[{"name":"wp","href":"https:\/\/api.w.org\/{rel}","templated":true}]}}