{"id":1886,"date":"2025-07-04T15:24:37","date_gmt":"2025-07-04T15:24:37","guid":{"rendered":"https:\/\/www.powercontainer.com\/about-us\/"},"modified":"2025-10-10T14:30:37","modified_gmt":"2025-10-10T14:30:37","slug":"sobre-nosotros","status":"publish","type":"page","link":"https:\/\/www.powercontainer.com\/es\/sobre-nosotros\/","title":{"rendered":"Sobre nosotros"},"content":{"rendered":"","protected":false},"excerpt":{"rendered":"","protected":false},"author":8,"featured_media":0,"parent":0,"menu_order":0,"comment_status":"closed","ping_status":"closed","template":"tmpl-who-we-are.php","meta":{"_acf_changed":false,"footnotes":""},"class_list":["post-1886","page","type-page","status-publish","hentry"],"acf":[],"yoast_head":"<!-- This site is optimized with the Yoast SEO plugin v24.1 - https:\/\/yoast.com\/wordpress\/plugins\/seo\/ -->\n<title>Sobre nosotros | Power Container Corporation<\/title>\n<meta name=\"description\" content=\"M\u00e1s de 30 a\u00f1os ofreciendo soluciones innovadoras Bag-On-Valve y Airless con precisi\u00f3n, sostenibilidad y soporte experto en todo el mundo\" \/>\n<meta name=\"robots\" content=\"index, follow, max-snippet:-1, max-image-preview:large, max-video-preview:-1\" \/>\n<link rel=\"canonical\" href=\"https:\/\/www.powercontainer.com\/es\/sobre-nosotros\/\" \/>\n<meta property=\"og:locale\" content=\"es_ES\" \/>\n<meta property=\"og:type\" content=\"article\" \/>\n<meta property=\"og:title\" content=\"Sobre nosotros | Power Container Corporation\" \/>\n<meta property=\"og:description\" content=\"M\u00e1s de 30 a\u00f1os ofreciendo soluciones innovadoras Bag-On-Valve y Airless con precisi\u00f3n, sostenibilidad y soporte experto en todo el mundo\" \/>\n<meta property=\"og:url\" content=\"https:\/\/www.powercontainer.com\/es\/sobre-nosotros\/\" \/>\n<meta property=\"og:site_name\" content=\"PCC\" \/>\n<meta property=\"article:modified_time\" content=\"2025-10-10T14:30:37+00:00\" \/>\n<meta name=\"twitter:card\" content=\"summary_large_image\" \/>\n<script type=\"application\/ld+json\" class=\"yoast-schema-graph\">{\"@context\":\"https:\/\/schema.org\",\"@graph\":[{\"@type\":\"WebPage\",\"@id\":\"https:\/\/www.powercontainer.com\/es\/sobre-nosotros\/\",\"url\":\"https:\/\/www.powercontainer.com\/es\/sobre-nosotros\/\",\"name\":\"Sobre nosotros | Power Container Corporation\",\"isPartOf\":{\"@id\":\"https:\/\/www.powercontainer.com\/#website\"},\"datePublished\":\"2025-07-04T15:24:37+00:00\",\"dateModified\":\"2025-10-10T14:30:37+00:00\",\"description\":\"M\u00e1s de 30 a\u00f1os ofreciendo soluciones innovadoras Bag-On-Valve y Airless con precisi\u00f3n, sostenibilidad y soporte experto en todo el mundo\",\"breadcrumb\":{\"@id\":\"https:\/\/www.powercontainer.com\/es\/sobre-nosotros\/#breadcrumb\"},\"inLanguage\":\"es\",\"potentialAction\":[{\"@type\":\"ReadAction\",\"target\":[\"https:\/\/www.powercontainer.com\/es\/sobre-nosotros\/\"]}]},{\"@type\":\"BreadcrumbList\",\"@id\":\"https:\/\/www.powercontainer.com\/es\/sobre-nosotros\/#breadcrumb\",\"itemListElement\":[{\"@type\":\"ListItem\",\"position\":1,\"name\":\"Home\",\"item\":\"https:\/\/www.powercontainer.com\/es\/\"},{\"@type\":\"ListItem\",\"position\":2,\"name\":\"Sobre nosotros\"}]},{\"@type\":\"WebSite\",\"@id\":\"https:\/\/www.powercontainer.com\/#website\",\"url\":\"https:\/\/www.powercontainer.com\/\",\"name\":\"PCC\",\"description\":\"\",\"potentialAction\":[{\"@type\":\"SearchAction\",\"target\":{\"@type\":\"EntryPoint\",\"urlTemplate\":\"https:\/\/www.powercontainer.com\/?s={search_term_string}\"},\"query-input\":{\"@type\":\"PropertyValueSpecification\",\"valueRequired\":true,\"valueName\":\"search_term_string\"}}],\"inLanguage\":\"es\"}]}<\/script>\n<!-- \/ Yoast SEO plugin. -->","yoast_head_json":{"title":"Sobre nosotros | Power Container Corporation","description":"M\u00e1s de 30 a\u00f1os ofreciendo soluciones innovadoras Bag-On-Valve y Airless con precisi\u00f3n, sostenibilidad y soporte experto en todo el mundo","robots":{"index":"index","follow":"follow","max-snippet":"max-snippet:-1","max-image-preview":"max-image-preview:large","max-video-preview":"max-video-preview:-1"},"canonical":"https:\/\/www.powercontainer.com\/es\/sobre-nosotros\/","og_locale":"es_ES","og_type":"article","og_title":"Sobre nosotros | Power Container Corporation","og_description":"M\u00e1s de 30 a\u00f1os ofreciendo soluciones innovadoras Bag-On-Valve y Airless con precisi\u00f3n, sostenibilidad y soporte experto en todo el mundo","og_url":"https:\/\/www.powercontainer.com\/es\/sobre-nosotros\/","og_site_name":"PCC","article_modified_time":"2025-10-10T14:30:37+00:00","twitter_card":"summary_large_image","schema":{"@context":"https:\/\/schema.org","@graph":[{"@type":"WebPage","@id":"https:\/\/www.powercontainer.com\/es\/sobre-nosotros\/","url":"https:\/\/www.powercontainer.com\/es\/sobre-nosotros\/","name":"Sobre nosotros | Power Container Corporation","isPartOf":{"@id":"https:\/\/www.powercontainer.com\/#website"},"datePublished":"2025-07-04T15:24:37+00:00","dateModified":"2025-10-10T14:30:37+00:00","description":"M\u00e1s de 30 a\u00f1os ofreciendo soluciones innovadoras Bag-On-Valve y Airless con precisi\u00f3n, sostenibilidad y soporte experto en todo el mundo","breadcrumb":{"@id":"https:\/\/www.powercontainer.com\/es\/sobre-nosotros\/#breadcrumb"},"inLanguage":"es","potentialAction":[{"@type":"ReadAction","target":["https:\/\/www.powercontainer.com\/es\/sobre-nosotros\/"]}]},{"@type":"BreadcrumbList","@id":"https:\/\/www.powercontainer.com\/es\/sobre-nosotros\/#breadcrumb","itemListElement":[{"@type":"ListItem","position":1,"name":"Home","item":"https:\/\/www.powercontainer.com\/es\/"},{"@type":"ListItem","position":2,"name":"Sobre nosotros"}]},{"@type":"WebSite","@id":"https:\/\/www.powercontainer.com\/#website","url":"https:\/\/www.powercontainer.com\/","name":"PCC","description":"","potentialAction":[{"@type":"SearchAction","target":{"@type":"EntryPoint","urlTemplate":"https:\/\/www.powercontainer.com\/?s={search_term_string}"},"query-input":{"@type":"PropertyValueSpecification","valueRequired":true,"valueName":"search_term_string"}}],"inLanguage":"es"}]}},"_links":{"self":[{"href":"https:\/\/www.powercontainer.com\/es\/wp-json\/wp\/v2\/pages\/1886","targetHints":{"allow":["GET"]}}],"collection":[{"href":"https:\/\/www.powercontainer.com\/es\/wp-json\/wp\/v2\/pages"}],"about":[{"href":"https:\/\/www.powercontainer.com\/es\/wp-json\/wp\/v2\/types\/page"}],"author":[{"embeddable":true,"href":"https:\/\/www.powercontainer.com\/es\/wp-json\/wp\/v2\/users\/8"}],"replies":[{"embeddable":true,"href":"https:\/\/www.powercontainer.com\/es\/wp-json\/wp\/v2\/comments?post=1886"}],"version-history":[{"count":14,"href":"https:\/\/www.powercontainer.com\/es\/wp-json\/wp\/v2\/pages\/1886\/revisions"}],"predecessor-version":[{"id":2049,"href":"https:\/\/www.powercontainer.com\/es\/wp-json\/wp\/v2\/pages\/1886\/revisions\/2049"}],"wp:attachment":[{"href":"https:\/\/www.powercontainer.com\/es\/wp-json\/wp\/v2\/media?parent=1886"}],"curies":[{"name":"wp","href":"https:\/\/api.w.org\/{rel}","templated":true}]}}