{"id":1414,"date":"2018-03-14T22:37:57","date_gmt":"2018-03-14T22:37:57","guid":{"rendered":"https:\/\/www.powercontainer.com\/?page_id=1414"},"modified":"2025-09-22T11:33:36","modified_gmt":"2025-09-22T11:33:36","slug":"politica-de-privacidad","status":"publish","type":"page","link":"https:\/\/www.powercontainer.com\/es\/politica-de-privacidad\/","title":{"rendered":"Pol\u00edtica de Privacidad"},"content":{"rendered":"\n<p><strong>\u00daltima Actualizaci\u00f3n: 13-Mar-2025<br>Fecha de Vigencia: 13-Mar-2025<\/strong><\/p>\n\n\n\n<p>Esta Pol\u00edtica de Privacidad describe las pol\u00edticas de Power Container Corporation, ubicada en 33 School House Road, Somerset, New Jersey 08873, Estados Unidos de Am\u00e9rica, correo electr\u00f3nico: <a>info@powercontainer.com<\/a>, tel\u00e9fono: (732) 560-3655, sobre la recopilaci\u00f3n, uso y divulgaci\u00f3n de su informaci\u00f3n que recopilamos cuando usted utiliza nuestro sitio web (<a class=\"\" href=\"https:\/\/www.powercontainer.com\">https:\/\/www.powercontainer.com<\/a>) (el \u201cServicio\u201d). Al acceder o usar el Servicio, usted consiente la recopilaci\u00f3n, uso y divulgaci\u00f3n de su informaci\u00f3n de acuerdo con esta Pol\u00edtica de Privacidad. Si no est\u00e1 de acuerdo, por favor no acceda ni utilice el Servicio.<\/p>\n\n\n\n<p>Podemos modificar esta Pol\u00edtica de Privacidad en cualquier momento sin previo aviso y publicaremos la Pol\u00edtica de Privacidad revisada en el Servicio. La Pol\u00edtica revisada ser\u00e1 efectiva 180 d\u00edas despu\u00e9s de que se publique en el Servicio, y su acceso o uso continuo del Servicio despu\u00e9s de ese per\u00edodo constituir\u00e1 su aceptaci\u00f3n de la Pol\u00edtica revisada. Por lo tanto, recomendamos que revise esta p\u00e1gina peri\u00f3dicamente.<\/p>\n\n\n\n<h2 class=\"wp-block-heading\">C\u00f3mo Usamos Su Informaci\u00f3n:<\/h2>\n\n\n\n<p>Usaremos la informaci\u00f3n que recopilamos sobre usted para los siguientes prop\u00f3sitos:<\/p>\n\n\n\n<ul class=\"wp-block-list\">\n<li>Informaci\u00f3n administrativa<\/li>\n<\/ul>\n\n\n\n<p>Si deseamos usar su informaci\u00f3n para cualquier otro prop\u00f3sito, solicitaremos su consentimiento y usaremos su informaci\u00f3n \u00fanicamente despu\u00e9s de recibir su consentimiento y solo para el(los) prop\u00f3sito(s) para los que otorg\u00f3 su consentimiento, salvo que la ley exija lo contrario.<\/p>\n\n\n\n<h2 class=\"wp-block-heading\">C\u00f3mo Compartimos Su Informaci\u00f3n:<\/h2>\n\n\n\n<p>No transferiremos su informaci\u00f3n personal a terceros sin solicitar su consentimiento, excepto en circunstancias limitadas como se describe a continuaci\u00f3n:<\/p>\n\n\n\n<ul class=\"wp-block-list\">\n<li>An\u00e1lisis<br>Requerimos que dichos terceros usen la informaci\u00f3n personal que les transferimos \u00fanicamente para el prop\u00f3sito para el cual fue transferida y que no la retengan por m\u00e1s tiempo del necesario para cumplir dicho prop\u00f3sito.<\/li>\n<\/ul>\n\n\n\n<p>Tambi\u00e9n podemos divulgar su informaci\u00f3n personal para: (1) cumplir con leyes, regulaciones, \u00f3rdenes judiciales u otros procesos legales aplicables; (2) hacer cumplir sus acuerdos con nosotros, incluida esta Pol\u00edtica de Privacidad; o (3) responder a reclamos de que su uso del Servicio infringe derechos de terceros. Si el Servicio o nuestra empresa se fusiona o es adquirida por otra empresa, su informaci\u00f3n ser\u00e1 uno de los activos transferidos al nuevo propietario.<\/p>\n\n\n\n<h2 class=\"wp-block-heading\">Sus Derechos:<\/h2>\n\n\n\n<p>Dependiendo de la ley aplicable, usted puede tener derecho a acceder, rectificar o borrar sus datos personales, recibir una copia de sus datos personales, restringir u oponerse al procesamiento activo de sus datos, solicitarnos compartir (portar) su informaci\u00f3n personal a otra entidad, retirar cualquier consentimiento que nos haya dado para procesar sus datos, presentar una queja ante una autoridad competente y otros derechos conforme a las leyes aplicables. Para ejercer estos derechos, puede escribirnos a <a>privacy@powercontainer.com<\/a>. Responderemos a su solicitud conforme a la ley aplicable.<\/p>\n\n\n\n<p>Tenga en cuenta que si no nos permite recopilar o procesar la informaci\u00f3n personal requerida, o retira el consentimiento para procesarla con los fines necesarios, es posible que no pueda acceder o usar los servicios para los que se solicit\u00f3 su informaci\u00f3n.<\/p>\n\n\n\n<h2 class=\"wp-block-heading\">Cookies y Otros:<\/h2>\n\n\n\n<p>Para saber m\u00e1s sobre c\u00f3mo usamos estas tecnolog\u00edas y sus opciones relacionadas, por favor consulte nuestra Pol\u00edtica de Cookies.<\/p>\n\n\n\n<h2 class=\"wp-block-heading\">Seguridad:<\/h2>\n\n\n\n<p>La seguridad de su informaci\u00f3n es importante para nosotros y usaremos medidas de seguridad razonables para prevenir la p\u00e9rdida, uso indebido o alteraci\u00f3n no autorizada de su informaci\u00f3n bajo nuestro control. Sin embargo, debido a los riesgos inherentes, no podemos garantizar seguridad absoluta y, por lo tanto, no podemos asegurar ni garantizar la seguridad de cualquier informaci\u00f3n que nos transmita, y usted lo hace bajo su propio riesgo.<\/p>\n\n\n\n<h2 class=\"wp-block-heading\">Reclamos \/ Responsable de Protecci\u00f3n de Datos:<\/h2>\n\n\n\n<p>Si tiene alguna consulta o preocupaci\u00f3n sobre el procesamiento de su informaci\u00f3n que est\u00e1 en nuestro poder, puede enviar un correo electr\u00f3nico a nuestro Responsable de Protecci\u00f3n de Datos en Power Container Corporation, 33 School House Road, NJ 08873 Somerset, Estados Unidos, correo electr\u00f3nico: <a>privacy@powercontainer.com<\/a>. Atenderemos sus preocupaciones conforme a la ley aplicable.<\/p>\n","protected":false},"excerpt":{"rendered":"<p>\u00daltima Actualizaci\u00f3n: 13-Mar-2025Fecha de Vigencia: 13-Mar-2025 Esta Pol\u00edtica de Privacidad describe las pol\u00edticas de Power Container Corporation, ubicada en 33 School House Road, Somerset, New Jersey 08873, Estados Unidos de Am\u00e9rica, correo electr\u00f3nico: info@powercontainer.com, tel\u00e9fono: (732) 560-3655, sobre la recopilaci\u00f3n, uso y divulgaci\u00f3n de su informaci\u00f3n que recopilamos cuando usted utiliza nuestro sitio web (https:\/\/www.powercontainer.com) &hellip; <a href=\"https:\/\/www.powercontainer.com\/es\/politica-de-privacidad\/\">Continued<\/a><\/p>\n","protected":false},"author":6,"featured_media":0,"parent":0,"menu_order":0,"comment_status":"closed","ping_status":"closed","template":"","meta":{"_acf_changed":false,"footnotes":""},"class_list":["post-1414","page","type-page","status-publish","hentry"],"acf":[],"yoast_head":"<!-- This site is optimized with the Yoast SEO plugin v24.1 - https:\/\/yoast.com\/wordpress\/plugins\/seo\/ -->\n<title>Pol\u00edtica de Privacidad | Power Container Corporation<\/title>\n<meta name=\"description\" content=\"Descubre c\u00f3mo Power Container Corporation protege tus datos.\" \/>\n<meta name=\"robots\" content=\"index, follow, max-snippet:-1, max-image-preview:large, max-video-preview:-1\" \/>\n<link rel=\"canonical\" href=\"https:\/\/www.powercontainer.com\/es\/politica-de-privacidad\/\" \/>\n<meta property=\"og:locale\" content=\"es_ES\" \/>\n<meta property=\"og:type\" content=\"article\" \/>\n<meta property=\"og:title\" content=\"Pol\u00edtica de Privacidad | Power Container Corporation\" \/>\n<meta property=\"og:description\" content=\"Descubre c\u00f3mo Power Container Corporation protege tus datos.\" \/>\n<meta property=\"og:url\" content=\"https:\/\/www.powercontainer.com\/es\/politica-de-privacidad\/\" \/>\n<meta property=\"og:site_name\" content=\"PCC\" \/>\n<meta property=\"article:modified_time\" content=\"2025-09-22T11:33:36+00:00\" \/>\n<meta name=\"twitter:card\" content=\"summary_large_image\" \/>\n<meta name=\"twitter:label1\" content=\"Tiempo de lectura\" \/>\n\t<meta name=\"twitter:data1\" content=\"3 minutos\" \/>\n<script type=\"application\/ld+json\" class=\"yoast-schema-graph\">{\"@context\":\"https:\/\/schema.org\",\"@graph\":[{\"@type\":\"WebPage\",\"@id\":\"https:\/\/www.powercontainer.com\/es\/politica-de-privacidad\/\",\"url\":\"https:\/\/www.powercontainer.com\/es\/politica-de-privacidad\/\",\"name\":\"Pol\u00edtica de Privacidad | Power Container Corporation\",\"isPartOf\":{\"@id\":\"https:\/\/www.powercontainer.com\/#website\"},\"datePublished\":\"2018-03-14T22:37:57+00:00\",\"dateModified\":\"2025-09-22T11:33:36+00:00\",\"description\":\"Descubre c\u00f3mo Power Container Corporation protege tus datos.\",\"breadcrumb\":{\"@id\":\"https:\/\/www.powercontainer.com\/es\/politica-de-privacidad\/#breadcrumb\"},\"inLanguage\":\"es\",\"potentialAction\":[{\"@type\":\"ReadAction\",\"target\":[\"https:\/\/www.powercontainer.com\/es\/politica-de-privacidad\/\"]}]},{\"@type\":\"BreadcrumbList\",\"@id\":\"https:\/\/www.powercontainer.com\/es\/politica-de-privacidad\/#breadcrumb\",\"itemListElement\":[{\"@type\":\"ListItem\",\"position\":1,\"name\":\"Home\",\"item\":\"https:\/\/www.powercontainer.com\/es\/\"},{\"@type\":\"ListItem\",\"position\":2,\"name\":\"Pol\u00edtica de Privacidad\"}]},{\"@type\":\"WebSite\",\"@id\":\"https:\/\/www.powercontainer.com\/#website\",\"url\":\"https:\/\/www.powercontainer.com\/\",\"name\":\"PCC\",\"description\":\"\",\"potentialAction\":[{\"@type\":\"SearchAction\",\"target\":{\"@type\":\"EntryPoint\",\"urlTemplate\":\"https:\/\/www.powercontainer.com\/?s={search_term_string}\"},\"query-input\":{\"@type\":\"PropertyValueSpecification\",\"valueRequired\":true,\"valueName\":\"search_term_string\"}}],\"inLanguage\":\"es\"}]}<\/script>\n<!-- \/ Yoast SEO plugin. -->","yoast_head_json":{"title":"Pol\u00edtica de Privacidad | Power Container Corporation","description":"Descubre c\u00f3mo Power Container Corporation protege tus datos.","robots":{"index":"index","follow":"follow","max-snippet":"max-snippet:-1","max-image-preview":"max-image-preview:large","max-video-preview":"max-video-preview:-1"},"canonical":"https:\/\/www.powercontainer.com\/es\/politica-de-privacidad\/","og_locale":"es_ES","og_type":"article","og_title":"Pol\u00edtica de Privacidad | Power Container Corporation","og_description":"Descubre c\u00f3mo Power Container Corporation protege tus datos.","og_url":"https:\/\/www.powercontainer.com\/es\/politica-de-privacidad\/","og_site_name":"PCC","article_modified_time":"2025-09-22T11:33:36+00:00","twitter_card":"summary_large_image","twitter_misc":{"Tiempo de lectura":"3 minutos"},"schema":{"@context":"https:\/\/schema.org","@graph":[{"@type":"WebPage","@id":"https:\/\/www.powercontainer.com\/es\/politica-de-privacidad\/","url":"https:\/\/www.powercontainer.com\/es\/politica-de-privacidad\/","name":"Pol\u00edtica de Privacidad | Power Container Corporation","isPartOf":{"@id":"https:\/\/www.powercontainer.com\/#website"},"datePublished":"2018-03-14T22:37:57+00:00","dateModified":"2025-09-22T11:33:36+00:00","description":"Descubre c\u00f3mo Power Container Corporation protege tus datos.","breadcrumb":{"@id":"https:\/\/www.powercontainer.com\/es\/politica-de-privacidad\/#breadcrumb"},"inLanguage":"es","potentialAction":[{"@type":"ReadAction","target":["https:\/\/www.powercontainer.com\/es\/politica-de-privacidad\/"]}]},{"@type":"BreadcrumbList","@id":"https:\/\/www.powercontainer.com\/es\/politica-de-privacidad\/#breadcrumb","itemListElement":[{"@type":"ListItem","position":1,"name":"Home","item":"https:\/\/www.powercontainer.com\/es\/"},{"@type":"ListItem","position":2,"name":"Pol\u00edtica de Privacidad"}]},{"@type":"WebSite","@id":"https:\/\/www.powercontainer.com\/#website","url":"https:\/\/www.powercontainer.com\/","name":"PCC","description":"","potentialAction":[{"@type":"SearchAction","target":{"@type":"EntryPoint","urlTemplate":"https:\/\/www.powercontainer.com\/?s={search_term_string}"},"query-input":{"@type":"PropertyValueSpecification","valueRequired":true,"valueName":"search_term_string"}}],"inLanguage":"es"}]}},"_links":{"self":[{"href":"https:\/\/www.powercontainer.com\/es\/wp-json\/wp\/v2\/pages\/1414","targetHints":{"allow":["GET"]}}],"collection":[{"href":"https:\/\/www.powercontainer.com\/es\/wp-json\/wp\/v2\/pages"}],"about":[{"href":"https:\/\/www.powercontainer.com\/es\/wp-json\/wp\/v2\/types\/page"}],"author":[{"embeddable":true,"href":"https:\/\/www.powercontainer.com\/es\/wp-json\/wp\/v2\/users\/6"}],"replies":[{"embeddable":true,"href":"https:\/\/www.powercontainer.com\/es\/wp-json\/wp\/v2\/comments?post=1414"}],"version-history":[{"count":2,"href":"https:\/\/www.powercontainer.com\/es\/wp-json\/wp\/v2\/pages\/1414\/revisions"}],"predecessor-version":[{"id":1417,"href":"https:\/\/www.powercontainer.com\/es\/wp-json\/wp\/v2\/pages\/1414\/revisions\/1417"}],"wp:attachment":[{"href":"https:\/\/www.powercontainer.com\/es\/wp-json\/wp\/v2\/media?parent=1414"}],"curies":[{"name":"wp","href":"https:\/\/api.w.org\/{rel}","templated":true}]}}