{"id":1408,"date":"2018-02-06T23:02:38","date_gmt":"2018-02-06T23:02:38","guid":{"rendered":"https:\/\/www.powercontainer.com\/?page_id=1408"},"modified":"2025-09-22T11:34:21","modified_gmt":"2025-09-22T11:34:21","slug":"terminos-y-condiciones","status":"publish","type":"page","link":"https:\/\/www.powercontainer.com\/es\/terminos-y-condiciones\/","title":{"rendered":"T\u00e9rminos y Condiciones"},"content":{"rendered":"\n<h3 class=\"wp-block-heading\">T\u00c9RMINOS DE USO Y AVISOS LEGALES<\/h3>\n\n\n\n<p>Bienvenido al sitio web de Power Container Corporation.<\/p>\n\n\n\n<p>ATENCI\u00d3N: POR FAVOR LEE ESTOS T\u00c9RMINOS CUIDADOSAMENTE ANTES DE USAR ESTE SITIO WEB. EL USO DE ESTE SITIO INDICA QUE ACEPTAS ESTOS T\u00c9RMINOS. SI NO ACEPTAS ESTOS T\u00c9RMINOS, POR FAVOR NO UTILICES ESTE SITIO WEB.<\/p>\n\n\n\n<h3 class=\"wp-block-heading\">PANORAMA GENERAL<\/h3>\n\n\n\n<p>Este sitio web es operado por Power Container Corporation. A lo largo del sitio, los t\u00e9rminos \u201cnosotros\u201d, \u201cnos\u201d, \u201cnuestro\u201d se refieren a Power Container Corporation. Power Container Corporation ofrece este sitio web, incluyendo toda la informaci\u00f3n, herramientas y servicios disponibles en \u00e9l, condicionados a tu aceptaci\u00f3n de todos los t\u00e9rminos, condiciones, pol\u00edticas y avisos aqu\u00ed descritos.<\/p>\n\n\n\n<p>Al visitar nuestro sitio y\/o adquirir algo de nosotros, inicias nuestro \u201cServicio\u201d y aceptas quedar sujeto a los siguientes t\u00e9rminos y condiciones (\u201cT\u00e9rminos del Servicio\u201d o \u201cT\u00e9rminos\u201d), incluyendo los t\u00e9rminos adicionales y pol\u00edticas referenciados aqu\u00ed o disponibles mediante hiperv\u00ednculos. Estos T\u00e9rminos del Servicio se aplican a todos los usuarios del sitio, incluidos, sin limitaci\u00f3n, navegantes, vendedores, clientes, comerciantes y\/o colaboradores de contenido.<\/p>\n\n\n\n<p>Por favor, lee estos T\u00e9rminos del Servicio cuidadosamente antes de acceder o usar nuestro sitio. Al acceder o utilizar cualquier parte del sitio, aceptas quedar sujeto a estos T\u00e9rminos del Servicio. Si no est\u00e1s de acuerdo con todos los t\u00e9rminos y condiciones de este acuerdo, no puedes acceder al sitio ni utilizar ningunos servicios. Si estos T\u00e9rminos del Servicio se consideran una oferta, la aceptaci\u00f3n estar\u00e1 expresamente limitada a estos T\u00e9rminos del Servicio.<\/p>\n\n\n\n<p>Cualquier nueva funci\u00f3n o herramienta a\u00f1adida a la tienda actual tambi\u00e9n estar\u00e1 sujeta a los T\u00e9rminos del Servicio. Puedes revisar la versi\u00f3n m\u00e1s reciente de los T\u00e9rminos del Servicio en esta p\u00e1gina en cualquier momento. Nos reservamos el derecho de actualizar, cambiar o reemplazar cualquier parte de estos T\u00e9rminos del Servicio publicando dichas actualizaciones o cambios en nuestro sitio. Es tu responsabilidad revisar esta p\u00e1gina peri\u00f3dicamente. Tu uso continuado del sitio o acceso al mismo tras la publicaci\u00f3n de cambios constituye la aceptaci\u00f3n de dichos cambios.<\/p>\n\n\n\n<h3 class=\"wp-block-heading\">SECCI\u00d3N 1 \u2013 CONDICIONES GENERALES<\/h3>\n\n\n\n<p>Nos reservamos el derecho de rechazar el servicio a cualquier persona por cualquier motivo y en cualquier momento.<\/p>\n\n\n\n<p>Comprendes que tu contenido podr\u00eda ser transmitido sin cifrar y podr\u00eda implicar: (a) transmisiones a trav\u00e9s de diversas redes; y (b) modificaciones para adaptarse a requisitos t\u00e9cnicos de redes o dispositivos. La informaci\u00f3n de tarjeta de cr\u00e9dito siempre se cifra durante la transferencia.<\/p>\n\n\n\n<p>Aceptas no reproducir, duplicar, copiar, vender, revender o explotar cualquier parte del Servicio, el uso del Servicio o el acceso al Servicio o cualquier contacto a trav\u00e9s del cual se provee el servicio, sin permiso escrito expreso de nuestra parte.<\/p>\n\n\n\n<p>Los t\u00edtulos usados en este acuerdo se incluyen solo por conveniencia y no afectar\u00e1n estos T\u00e9rminos.<\/p>\n\n\n\n<h3 class=\"wp-block-heading\">SECCI\u00d3N 2 \u2013 EXACTITUD, COMPLETUDE Y ACTUALIDAD DE LA INFORMACI\u00d3N<\/h3>\n\n\n\n<p>No somos responsables si la informaci\u00f3n disponible en este sitio no es precisa, completa o actual. El material en este sitio se brinda solo para informaci\u00f3n general y no debe considerarse la \u00fanica base para tomar decisiones sin consultar fuentes primarias m\u00e1s precisas, completas o actualizadas. Cualquier confianza en este material es bajo tu propio riesgo.<\/p>\n\n\n\n<p>Este sitio puede contener informaci\u00f3n hist\u00f3rica. La informaci\u00f3n hist\u00f3rica, por definici\u00f3n, no es actual y se proporciona solo como referencia. Nos reservamos el derecho de modificar el contenido del sitio en cualquier momento, sin obligaci\u00f3n de actualizar la informaci\u00f3n. Aceptas que es tu responsabilidad monitorear los cambios en nuestro sitio.<\/p>\n\n\n\n<h3 class=\"wp-block-heading\">SECCI\u00d3N 3 \u2013 MODIFICACIONES AL SERVICIO<\/h3>\n\n\n\n<p>Nos reservamos el derecho de modificar o descontinuar el Servicio (o cualquier parte o contenido) en cualquier momento sin previo aviso.<\/p>\n\n\n\n<p>No seremos responsables ante ti ni ante terceros por cualquier modificaci\u00f3n, suspensi\u00f3n o interrupci\u00f3n del Servicio.<\/p>\n\n\n\n<h3 class=\"wp-block-heading\">SECCI\u00d3N 4 \u2013 PRODUCTOS O SERVICIOS (si aplica)<\/h3>\n\n\n\n<p>Hemos hecho todo lo posible para mostrar colores e im\u00e1genes de nuestros productos lo m\u00e1s fielmente posible. No podemos garantizar que la pantalla de tu monitor represente los colores con absoluta precisi\u00f3n.<\/p>\n\n\n\n<p>Nos reservamos el derecho de limitar las cantidades de cualquier producto o servicio que ofrecemos. Todas las descripciones de productos pueden cambiar en cualquier momento sin previo aviso, a nuestro exclusivo criterio. Podemos descontinuar cualquier producto en cualquier momento. Cualquier oferta de producto o servicio hecha en este sitio es nula donde est\u00e9 prohibida por ley.<\/p>\n\n\n\n<p>No garantizamos que la calidad de los productos, servicios, informaci\u00f3n u otros materiales adquiridos o obtenidos por ti cumplan con tus expectativas o que los errores en el Servicio ser\u00e1n corregidos.<\/p>\n\n\n\n<h3 class=\"wp-block-heading\">SECCI\u00d3N 5 \u2013 HERRAMIENTAS OPCIONALES<\/h3>\n\n\n\n<p>Podemos ofrecerte acceso a herramientas de terceros sobre las que no tenemos control ni participaci\u00f3n.<\/p>\n\n\n\n<p>Reconoces y aceptas que proporcionamos acceso a dichas herramientas \u201ctal cual\u201d y \u201cseg\u00fan disponibilidad\u201d, sin garant\u00edas, representaciones o condiciones de ning\u00fan tipo ni respaldo alguno. No asumimos ninguna responsabilidad derivada del uso de herramientas opcionales de terceros.<\/p>\n\n\n\n<p>Cualquier uso que hagas de herramientas opcionales ofrecidas en el sitio corre exclusivamente por tu cuenta y riesgo, y debes asegurarte de estar familiarizado con los t\u00e9rminos del proveedor externo.<\/p>\n\n\n\n<p>En el futuro tambi\u00e9n podr\u00edamos ofrecer nuevos servicios y\/o funciones a trav\u00e9s del sitio. Dichas nuevas funciones estar\u00e1n tambi\u00e9n sujetas a estos T\u00e9rminos.<\/p>\n\n\n\n<h3 class=\"wp-block-heading\">SECCI\u00d3N 6 \u2013 ENLACES DE TERCEROS<\/h3>\n\n\n\n<p>Cierto contenido, productos y servicios disponibles a trav\u00e9s de nuestro Servicio pueden incluir materiales de terceros.<\/p>\n\n\n\n<p>Los enlaces a terceros en este sitio pueden dirigirte a sitios que no est\u00e1n afiliados con nosotros. No somos responsables de examinar o evaluar el contenido o precisi\u00f3n de dichos sitios y no garantizamos ni tendremos responsabilidad por los materiales, productos o servicios de terceros.<\/p>\n\n\n\n<p>No nos hacemos responsables por da\u00f1os relacionados con la compra o uso de bienes, servicios, recursos, contenido o transacciones hechas en relaci\u00f3n con sitios de terceros. Por favor, revisa con detenimiento las pol\u00edticas y pr\u00e1cticas de terceros antes de realizar cualquier transacci\u00f3n. Cualquier queja o reclamaci\u00f3n sobre productos de terceros debe dirigirse directamente a ellos.<\/p>\n\n\n\n<h3 class=\"wp-block-heading\">SECCI\u00d3N 7 \u2013 COMENTARIOS DE USUARIOS, RETROALIMENTACI\u00d3N Y OTRAS APORTACIONES<\/h3>\n\n\n\n<p>Si, a nuestra solicitud, env\u00edas aportaciones espec\u00edficas (por ejemplo, en concursos) o sin petici\u00f3n, env\u00edas ideas creativas, sugerencias, propuestas, planes u otros materiales (colectivamente, \u201ccomentarios\u201d), aceptas que podemos, en cualquier momento y sin restricciones, editar, copiar, publicar, distribuir, traducir y utilizar dichos comentarios por cualquier medio. No estamos obligados a:<\/p>\n\n\n\n<ol class=\"wp-block-list\">\n<li>Mantener comentarios en confidencialidad<\/li>\n\n\n\n<li>Compensarte por comentarios<\/li>\n\n\n\n<li>Responder a tus comentarios<\/li>\n<\/ol>\n\n\n\n<p>Podemos, pero no estamos obligados, a vigilar, editar o eliminar contenido que consideremos, a nuestro juicio, ilegal, ofensivo, amenazante, difamatorio, pornogr\u00e1fico u objetable, o que viole derechos de propiedad intelectual o estos T\u00e9rminos.<\/p>\n\n\n\n<p>Aceptas que tus comentarios no infrinjan derechos de terceros, como propiedad intelectual, privacidad, personalidad u otros. Adem\u00e1s, no deben contener material difamatorio, abusivo, obsceno, virus o malware. No puedes proporcionar una direcci\u00f3n falsa, suplantar a otra persona ni enga\u00f1ar sobre el origen de los comentarios. Eres responsable de los comentarios que env\u00edes. No asumimos responsabilidad por comentarios tuyos o de terceros.<\/p>\n\n\n\n<h3 class=\"wp-block-heading\">SECCI\u00d3N 8 \u2013 INFORMACI\u00d3N PERSONAL<\/h3>\n\n\n\n<p>El env\u00edo de informaci\u00f3n personal a trav\u00e9s del sitio est\u00e1 regulado por nuestra Pol\u00edtica de Privacidad. Para consultar nuestra Pol\u00edtica de Privacidad, visita la correspondiente secci\u00f3n.<\/p>\n\n\n\n<h3 class=\"wp-block-heading\">SECCI\u00d3N 9 \u2013 ERRORES, INEXACTITUDES Y OMISIONES<\/h3>\n\n\n\n<p>Ocasionalmente puede haber informaci\u00f3n en el sitio o Servicio que contenga errores tipogr\u00e1ficos, inexactitudes u omisiones relacionadas con descripciones, precios, promociones, costos de env\u00edo, tiempos de tr\u00e1nsito o disponibilidad. Nos reservamos el derecho de corregir dichos errores y de cambiar o actualizar informaci\u00f3n, o cancelar pedidos si la informaci\u00f3n resulta ser inexacta, sin previo aviso (incluso despu\u00e9s de que hayas enviado tu pedido).<\/p>\n\n\n\n<p>No tenemos obligaci\u00f3n de actualizar, modificar o aclarar la informaci\u00f3n en el Servicio, incluyendo precios, salvo que lo exija la ley. Cualquier fecha visible de actualizaci\u00f3n no implica que toda la informaci\u00f3n haya sido revisada.<\/p>\n\n\n\n<h3 class=\"wp-block-heading\">SECCI\u00d3N 10 \u2013 USOS PROHIBIDOS<\/h3>\n\n\n\n<p>Adem\u00e1s de otras prohibiciones descritas en estos T\u00e9rminos, queda prohibido utilizar el sitio o su contenido para:<\/p>\n\n\n\n<p>a. Fines ilegales<br>b. Solicitar a otros que participen en actos il\u00edcitos<br>c. Violar normativas internacionales, federales o locales<br>d. Infringir derechos de propiedad intelectual<br>e. Acosar, insultar, difamar, discriminar por sexo, orientaci\u00f3n sexual, religi\u00f3n, etnia, raza, edad, nacionalidad o discapacidad<br>f. Enviar informaci\u00f3n falsa o enga\u00f1osa<br>g. Transmitir virus o c\u00f3digo malicioso<br>h. Recopilar informaci\u00f3n personal de terceros<br>i. Enviar spam, phishing, rastrear o rastrear contenido sin autorizaci\u00f3n<br>j. Fines obscenos o inmorales<br>k. Alterar funciones de seguridad del Servicio o de Internet<\/p>\n\n\n\n<p>Nos reservamos el derecho de terminar tu uso del Servicio por violar cualquiera de estos usos prohibidos.<\/p>\n\n\n\n<h3 class=\"wp-block-heading\">SECCI\u00d3N 11 \u2013 EXENCI\u00d3N DE GARANT\u00cdAS; LIMITACI\u00d3N DE RESPONSABILIDAD<\/h3>\n\n\n\n<p>No garantizamos que el uso de nuestro servicio sea ininterrumpido, puntual, seguro o libre de errores.<\/p>\n\n\n\n<p>No aseguramos que los resultados obtenidos sean precisos o fiables.<\/p>\n\n\n\n<p>Aceptas que en ocasiones podemos retirar el servicio indefinidamente o cancelarlo sin notificaci\u00f3n previa.<\/p>\n\n\n\n<p>Aceptas que el uso del servicio (o la imposibilidad de usarlo) es bajo tu propio riesgo. El servicio y cualquier producto proporcionado a trav\u00e9s del mismo se ofrecen \u201ctal cual\u201d y \u201cseg\u00fan disponibilidad\u201d, sin garant\u00edas, expresas o impl\u00edcitas, incluyendo calidad, adecuaci\u00f3n, durabilidad y no infracci\u00f3n.<\/p>\n\n\n\n<p>En ning\u00fan caso Power Container Corporation, ni sus directores, empleados o proveedores ser\u00e1n responsables por da\u00f1os directos, indirectos, incidentales, punitivos o consecuentes, incluyendo p\u00e9rdida de ganancias, datos o ahorros, independientemente de la base legal. En jurisdicciones donde no se permitan estas limitaciones, nuestra responsabilidad se limita al m\u00e1ximo permitido por la ley.<\/p>\n\n\n\n<h3 class=\"wp-block-heading\">SECCI\u00d3N 12 \u2013 INDEMNIZACI\u00d3N<\/h3>\n\n\n\n<p>Aceptas indemnizar, defender y mantener indemne a Power Container Corporation y sus filiales, socios, directivos, empleados, agentes, contratistas, proveedores, internos y empleados, de cualquier reclamaci\u00f3n o demanda, incluyendo honorarios legales razonables, derivada de tu incumplimiento de estos T\u00e9rminos o violaci\u00f3n de la ley o de derechos de terceros.<\/p>\n\n\n\n<h3 class=\"wp-block-heading\">SECCI\u00d3N 13 \u2013 DIVISIBILIDAD<\/h3>\n\n\n\n<p>Si alguna disposici\u00f3n de estos T\u00e9rminos es declarada ilegal, nula o inaplicable, dicha disposici\u00f3n ser\u00e1 aplicable en la m\u00e1xima medida permitida y el resto de los T\u00e9rminos seguir\u00e1n vigentes.<\/p>\n\n\n\n<h3 class=\"wp-block-heading\">SECCI\u00d3N 14 \u2013 TERMINACI\u00d3N<\/h3>\n\n\n\n<p>Las obligaciones adquiridas antes de la fecha de terminaci\u00f3n sobreviven a la terminaci\u00f3n del acuerdo.<\/p>\n\n\n\n<p>Estos T\u00e9rminos son efectivos hasta que t\u00fa o nosotros los terminemos. Puedes terminar en cualquier momento notificando que ya no deseas usar el Servicio o cuando dejes de usar nuestro sitio.<\/p>\n\n\n\n<p>Si juzgamos que no has cumplido estos T\u00e9rminos, podemos terminar el acuerdo sin aviso y a\u00fan seguir\u00e1s siendo responsable por los montos adeudados hasta esa fecha; y\/o podr\u00edamos negarte el acceso al Servicio.<\/p>\n\n\n\n<h3 class=\"wp-block-heading\">SECCI\u00d3N 15 \u2013 ACUERDO COMPLETO<\/h3>\n\n\n\n<p>El no ejercer o aplicar cualquier derecho o disposici\u00f3n de estos T\u00e9rminos no implica renuncia a dicho derecho.<\/p>\n\n\n\n<p>Estos T\u00e9rminos y cualquier pol\u00edtica publicada por nosotros en este sitio constituyen el acuerdo completo entre t\u00fa y nosotros, y sustituyen cualquier comunicaci\u00f3n previa u oral.<\/p>\n\n\n\n<p>Las interpretaciones ambiguas no se cargar\u00e1n contra la parte que redact\u00f3 el documento.<\/p>\n\n\n\n<h3 class=\"wp-block-heading\">SECCI\u00d3N 16 \u2013 LEGISLACI\u00d3N APLICABLE<\/h3>\n\n\n\n<p>Estos T\u00e9rminos y cualquier acuerdo separado bajo los cuales te brindamos Servicios se regir\u00e1n e interpretar\u00e1n de acuerdo con las leyes de 33 Schoolhouse Rd, Somerset, NJ, 08873, Estados Unidos.<\/p>\n\n\n\n<h3 class=\"wp-block-heading\">SECCI\u00d3N 17 \u2013 CAMBIOS EN LOS T\u00c9RMINOS DEL SERVICIO<\/h3>\n\n\n\n<p>Puedes revisar la versi\u00f3n m\u00e1s actualizada de los T\u00e9rminos en esta p\u00e1gina.<\/p>\n\n\n\n<p>Nos reservamos el derecho de actualizar, cambiar o reemplazar cualquier parte de los T\u00e9rminos del Servicio a nuestra discreci\u00f3n publicando cambios en nuestro sitio. Es tu responsabilidad revisarlo peri\u00f3dicamente. Tu uso continuado del sitio tras dichos cambios constituye aceptaci\u00f3n de los mismos.<\/p>\n\n\n\n<h3 class=\"wp-block-heading\">SECCI\u00d3N 18 \u2013 INFORMACI\u00d3N DE CONTACTO<\/h3>\n\n\n\n<p>Las preguntas sobre los T\u00e9rminos del Servicio deben enviarse a <strong><a>info@powercontainer.com<\/a><\/strong>.<\/p>\n","protected":false},"excerpt":{"rendered":"<p>T\u00c9RMINOS DE USO Y AVISOS LEGALES Bienvenido al sitio web de Power Container Corporation. ATENCI\u00d3N: POR FAVOR LEE ESTOS T\u00c9RMINOS CUIDADOSAMENTE ANTES DE USAR ESTE SITIO WEB. EL USO DE ESTE SITIO INDICA QUE ACEPTAS ESTOS T\u00c9RMINOS. SI NO ACEPTAS ESTOS T\u00c9RMINOS, POR FAVOR NO UTILICES ESTE SITIO WEB. PANORAMA GENERAL Este sitio web es &hellip; <a href=\"https:\/\/www.powercontainer.com\/es\/terminos-y-condiciones\/\">Continued<\/a><\/p>\n","protected":false},"author":6,"featured_media":0,"parent":0,"menu_order":0,"comment_status":"closed","ping_status":"closed","template":"","meta":{"_acf_changed":false,"footnotes":""},"class_list":["post-1408","page","type-page","status-publish","hentry"],"acf":[],"yoast_head":"<!-- This site is optimized with the Yoast SEO plugin v24.1 - https:\/\/yoast.com\/wordpress\/plugins\/seo\/ -->\n<title>T\u00e9rminos y Condiciones | Power Container Corporation<\/title>\n<meta name=\"description\" content=\"Consulta los T\u00e9rminos y Condiciones de Power Container Corporation.\" \/>\n<meta name=\"robots\" content=\"index, follow, max-snippet:-1, max-image-preview:large, max-video-preview:-1\" \/>\n<link rel=\"canonical\" href=\"https:\/\/www.powercontainer.com\/es\/terminos-y-condiciones\/\" \/>\n<meta property=\"og:locale\" content=\"es_ES\" \/>\n<meta property=\"og:type\" content=\"article\" \/>\n<meta property=\"og:title\" content=\"T\u00e9rminos y Condiciones | Power Container Corporation\" \/>\n<meta property=\"og:description\" content=\"Consulta los T\u00e9rminos y Condiciones de Power Container Corporation.\" \/>\n<meta property=\"og:url\" content=\"https:\/\/www.powercontainer.com\/es\/terminos-y-condiciones\/\" \/>\n<meta property=\"og:site_name\" content=\"PCC\" \/>\n<meta property=\"article:modified_time\" content=\"2025-09-22T11:34:21+00:00\" \/>\n<meta name=\"twitter:card\" content=\"summary_large_image\" \/>\n<meta name=\"twitter:label1\" content=\"Tiempo de lectura\" \/>\n\t<meta name=\"twitter:data1\" content=\"9 minutos\" \/>\n<script type=\"application\/ld+json\" class=\"yoast-schema-graph\">{\"@context\":\"https:\/\/schema.org\",\"@graph\":[{\"@type\":\"WebPage\",\"@id\":\"https:\/\/www.powercontainer.com\/es\/terminos-y-condiciones\/\",\"url\":\"https:\/\/www.powercontainer.com\/es\/terminos-y-condiciones\/\",\"name\":\"T\u00e9rminos y Condiciones | Power Container Corporation\",\"isPartOf\":{\"@id\":\"https:\/\/www.powercontainer.com\/#website\"},\"datePublished\":\"2018-02-06T23:02:38+00:00\",\"dateModified\":\"2025-09-22T11:34:21+00:00\",\"description\":\"Consulta los T\u00e9rminos y Condiciones de Power Container Corporation.\",\"breadcrumb\":{\"@id\":\"https:\/\/www.powercontainer.com\/es\/terminos-y-condiciones\/#breadcrumb\"},\"inLanguage\":\"es\",\"potentialAction\":[{\"@type\":\"ReadAction\",\"target\":[\"https:\/\/www.powercontainer.com\/es\/terminos-y-condiciones\/\"]}]},{\"@type\":\"BreadcrumbList\",\"@id\":\"https:\/\/www.powercontainer.com\/es\/terminos-y-condiciones\/#breadcrumb\",\"itemListElement\":[{\"@type\":\"ListItem\",\"position\":1,\"name\":\"Home\",\"item\":\"https:\/\/www.powercontainer.com\/es\/\"},{\"@type\":\"ListItem\",\"position\":2,\"name\":\"T\u00e9rminos y Condiciones\"}]},{\"@type\":\"WebSite\",\"@id\":\"https:\/\/www.powercontainer.com\/#website\",\"url\":\"https:\/\/www.powercontainer.com\/\",\"name\":\"PCC\",\"description\":\"\",\"potentialAction\":[{\"@type\":\"SearchAction\",\"target\":{\"@type\":\"EntryPoint\",\"urlTemplate\":\"https:\/\/www.powercontainer.com\/?s={search_term_string}\"},\"query-input\":{\"@type\":\"PropertyValueSpecification\",\"valueRequired\":true,\"valueName\":\"search_term_string\"}}],\"inLanguage\":\"es\"}]}<\/script>\n<!-- \/ Yoast SEO plugin. -->","yoast_head_json":{"title":"T\u00e9rminos y Condiciones | Power Container Corporation","description":"Consulta los T\u00e9rminos y Condiciones de Power Container Corporation.","robots":{"index":"index","follow":"follow","max-snippet":"max-snippet:-1","max-image-preview":"max-image-preview:large","max-video-preview":"max-video-preview:-1"},"canonical":"https:\/\/www.powercontainer.com\/es\/terminos-y-condiciones\/","og_locale":"es_ES","og_type":"article","og_title":"T\u00e9rminos y Condiciones | Power Container Corporation","og_description":"Consulta los T\u00e9rminos y Condiciones de Power Container Corporation.","og_url":"https:\/\/www.powercontainer.com\/es\/terminos-y-condiciones\/","og_site_name":"PCC","article_modified_time":"2025-09-22T11:34:21+00:00","twitter_card":"summary_large_image","twitter_misc":{"Tiempo de lectura":"9 minutos"},"schema":{"@context":"https:\/\/schema.org","@graph":[{"@type":"WebPage","@id":"https:\/\/www.powercontainer.com\/es\/terminos-y-condiciones\/","url":"https:\/\/www.powercontainer.com\/es\/terminos-y-condiciones\/","name":"T\u00e9rminos y Condiciones | Power Container Corporation","isPartOf":{"@id":"https:\/\/www.powercontainer.com\/#website"},"datePublished":"2018-02-06T23:02:38+00:00","dateModified":"2025-09-22T11:34:21+00:00","description":"Consulta los T\u00e9rminos y Condiciones de Power Container Corporation.","breadcrumb":{"@id":"https:\/\/www.powercontainer.com\/es\/terminos-y-condiciones\/#breadcrumb"},"inLanguage":"es","potentialAction":[{"@type":"ReadAction","target":["https:\/\/www.powercontainer.com\/es\/terminos-y-condiciones\/"]}]},{"@type":"BreadcrumbList","@id":"https:\/\/www.powercontainer.com\/es\/terminos-y-condiciones\/#breadcrumb","itemListElement":[{"@type":"ListItem","position":1,"name":"Home","item":"https:\/\/www.powercontainer.com\/es\/"},{"@type":"ListItem","position":2,"name":"T\u00e9rminos y Condiciones"}]},{"@type":"WebSite","@id":"https:\/\/www.powercontainer.com\/#website","url":"https:\/\/www.powercontainer.com\/","name":"PCC","description":"","potentialAction":[{"@type":"SearchAction","target":{"@type":"EntryPoint","urlTemplate":"https:\/\/www.powercontainer.com\/?s={search_term_string}"},"query-input":{"@type":"PropertyValueSpecification","valueRequired":true,"valueName":"search_term_string"}}],"inLanguage":"es"}]}},"_links":{"self":[{"href":"https:\/\/www.powercontainer.com\/es\/wp-json\/wp\/v2\/pages\/1408","targetHints":{"allow":["GET"]}}],"collection":[{"href":"https:\/\/www.powercontainer.com\/es\/wp-json\/wp\/v2\/pages"}],"about":[{"href":"https:\/\/www.powercontainer.com\/es\/wp-json\/wp\/v2\/types\/page"}],"author":[{"embeddable":true,"href":"https:\/\/www.powercontainer.com\/es\/wp-json\/wp\/v2\/users\/6"}],"replies":[{"embeddable":true,"href":"https:\/\/www.powercontainer.com\/es\/wp-json\/wp\/v2\/comments?post=1408"}],"version-history":[{"count":1,"href":"https:\/\/www.powercontainer.com\/es\/wp-json\/wp\/v2\/pages\/1408\/revisions"}],"predecessor-version":[{"id":1409,"href":"https:\/\/www.powercontainer.com\/es\/wp-json\/wp\/v2\/pages\/1408\/revisions\/1409"}],"wp:attachment":[{"href":"https:\/\/www.powercontainer.com\/es\/wp-json\/wp\/v2\/media?parent=1408"}],"curies":[{"name":"wp","href":"https:\/\/api.w.org\/{rel}","templated":true}]}}