{"id":1399,"date":"2025-03-13T19:30:40","date_gmt":"2025-03-13T19:30:40","guid":{"rendered":"https:\/\/www.powercontainer.com\/?page_id=1399"},"modified":"2025-09-22T14:49:55","modified_gmt":"2025-09-22T14:49:55","slug":"aviso-legal","status":"publish","type":"page","link":"https:\/\/www.powercontainer.com\/es\/aviso-legal\/","title":{"rendered":"Aviso Legal"},"content":{"rendered":"\n<h2 class=\"wp-block-heading\">Editor<\/h2>\n\n\n\n<p>El sitio web https:\/\/www.powercontainer.com es publicado y gestionado por Power Container Corporation, representada por Olivier Bertaud.<\/p>\n\n\n\n<p>La sede de la empresa se encuentra en:<br>33 School House Road, NJ 08873 Somerset, Estados Unidos.<\/p>\n\n\n\n<p>N\u00famero de registro de la empresa en el Registro Mercantil del Estado de Nueva Jersey, EE. UU.: 6142108748<\/p>\n\n\n\n<p>Correo electr\u00f3nico: info@powercontainer.com<\/p>\n\n\n\n<h2 class=\"wp-block-heading\">Proveedor de alojamiento<\/h2>\n\n\n\n<p>Este sitio web est\u00e1 alojado por: GoDaddy<br>Oficina principal: 14455 N. Hayden Rd., Ste. 226<br>Scottsdale, AZ 85260, Estados Unidos<br>Tel\u00e9fono: 09 75 18 70 39<br>Correo electr\u00f3nico: HQ@godaddy.com<br>https:\/\/www.godaddy.com<\/p>\n\n\n\n<p>GoDaddy.com, LLC es una filial de propiedad total de GoDaddy Inc.<\/p>\n\n\n\n<h2 class=\"wp-block-heading\">Propiedad intelectual<\/h2>\n\n\n\n<h3 class=\"wp-block-heading\">Sitio web y sus elementos<\/h3>\n\n\n\n<p>El sitio web www.powercontainer.com y todos sus elementos (incluidos, entre otros, los textos, ilustraciones y bases de datos) son propiedad exclusiva de Power Container Corporation y est\u00e1n protegidos por las leyes de derechos de autor y los derechos sobre bases de datos.<\/p>\n\n\n\n<p>Queda estrictamente prohibida cualquier reproducci\u00f3n o representaci\u00f3n total o parcial del sitio web o de cualquiera de sus elementos sin la autorizaci\u00f3n previa y expresa de Power Container Corporation, de acuerdo con lo dispuesto en la legislaci\u00f3n sobre propiedad intelectual.<\/p>\n","protected":false},"excerpt":{"rendered":"<p>Editor El sitio web https:\/\/www.powercontainer.com es publicado y gestionado por Power Container Corporation, representada por Olivier Bertaud. La sede de la empresa se encuentra en:33 School House Road, NJ 08873 Somerset, Estados Unidos. N\u00famero de registro de la empresa en el Registro Mercantil del Estado de Nueva Jersey, EE. UU.: 6142108748 Correo electr\u00f3nico: info@powercontainer.com Proveedor &hellip; <a href=\"https:\/\/www.powercontainer.com\/es\/aviso-legal\/\">Continued<\/a><\/p>\n","protected":false},"author":6,"featured_media":0,"parent":0,"menu_order":0,"comment_status":"closed","ping_status":"closed","template":"","meta":{"_acf_changed":false,"footnotes":""},"class_list":["post-1399","page","type-page","status-publish","hentry"],"acf":[],"yoast_head":"<!-- This site is optimized with the Yoast SEO plugin v24.1 - https:\/\/yoast.com\/wordpress\/plugins\/seo\/ -->\n<title>Aviso Legal | Power Container Corporation<\/title>\n<meta name=\"description\" content=\"Consulta el Aviso Legal de Power Container Corporation.\" \/>\n<meta name=\"robots\" content=\"index, follow, max-snippet:-1, max-image-preview:large, max-video-preview:-1\" \/>\n<link rel=\"canonical\" href=\"https:\/\/www.powercontainer.com\/es\/aviso-legal\/\" \/>\n<meta property=\"og:locale\" content=\"es_ES\" \/>\n<meta property=\"og:type\" content=\"article\" \/>\n<meta property=\"og:title\" content=\"Aviso Legal | Power Container Corporation\" \/>\n<meta property=\"og:description\" content=\"Consulta el Aviso Legal de Power Container Corporation.\" \/>\n<meta property=\"og:url\" content=\"https:\/\/www.powercontainer.com\/es\/aviso-legal\/\" \/>\n<meta property=\"og:site_name\" content=\"PCC\" \/>\n<meta property=\"article:modified_time\" content=\"2025-09-22T14:49:55+00:00\" \/>\n<meta name=\"twitter:card\" content=\"summary_large_image\" \/>\n<meta name=\"twitter:label1\" content=\"Tiempo de lectura\" \/>\n\t<meta name=\"twitter:data1\" content=\"1 minuto\" \/>\n<script type=\"application\/ld+json\" class=\"yoast-schema-graph\">{\"@context\":\"https:\/\/schema.org\",\"@graph\":[{\"@type\":\"WebPage\",\"@id\":\"https:\/\/www.powercontainer.com\/es\/aviso-legal\/\",\"url\":\"https:\/\/www.powercontainer.com\/es\/aviso-legal\/\",\"name\":\"Aviso Legal | Power Container Corporation\",\"isPartOf\":{\"@id\":\"https:\/\/www.powercontainer.com\/#website\"},\"datePublished\":\"2025-03-13T19:30:40+00:00\",\"dateModified\":\"2025-09-22T14:49:55+00:00\",\"description\":\"Consulta el Aviso Legal de Power Container Corporation.\",\"breadcrumb\":{\"@id\":\"https:\/\/www.powercontainer.com\/es\/aviso-legal\/#breadcrumb\"},\"inLanguage\":\"es\",\"potentialAction\":[{\"@type\":\"ReadAction\",\"target\":[\"https:\/\/www.powercontainer.com\/es\/aviso-legal\/\"]}]},{\"@type\":\"BreadcrumbList\",\"@id\":\"https:\/\/www.powercontainer.com\/es\/aviso-legal\/#breadcrumb\",\"itemListElement\":[{\"@type\":\"ListItem\",\"position\":1,\"name\":\"Home\",\"item\":\"https:\/\/www.powercontainer.com\/es\/\"},{\"@type\":\"ListItem\",\"position\":2,\"name\":\"Aviso Legal\"}]},{\"@type\":\"WebSite\",\"@id\":\"https:\/\/www.powercontainer.com\/#website\",\"url\":\"https:\/\/www.powercontainer.com\/\",\"name\":\"PCC\",\"description\":\"\",\"potentialAction\":[{\"@type\":\"SearchAction\",\"target\":{\"@type\":\"EntryPoint\",\"urlTemplate\":\"https:\/\/www.powercontainer.com\/?s={search_term_string}\"},\"query-input\":{\"@type\":\"PropertyValueSpecification\",\"valueRequired\":true,\"valueName\":\"search_term_string\"}}],\"inLanguage\":\"es\"}]}<\/script>\n<!-- \/ Yoast SEO plugin. -->","yoast_head_json":{"title":"Aviso Legal | Power Container Corporation","description":"Consulta el Aviso Legal de Power Container Corporation.","robots":{"index":"index","follow":"follow","max-snippet":"max-snippet:-1","max-image-preview":"max-image-preview:large","max-video-preview":"max-video-preview:-1"},"canonical":"https:\/\/www.powercontainer.com\/es\/aviso-legal\/","og_locale":"es_ES","og_type":"article","og_title":"Aviso Legal | Power Container Corporation","og_description":"Consulta el Aviso Legal de Power Container Corporation.","og_url":"https:\/\/www.powercontainer.com\/es\/aviso-legal\/","og_site_name":"PCC","article_modified_time":"2025-09-22T14:49:55+00:00","twitter_card":"summary_large_image","twitter_misc":{"Tiempo de lectura":"1 minuto"},"schema":{"@context":"https:\/\/schema.org","@graph":[{"@type":"WebPage","@id":"https:\/\/www.powercontainer.com\/es\/aviso-legal\/","url":"https:\/\/www.powercontainer.com\/es\/aviso-legal\/","name":"Aviso Legal | Power Container Corporation","isPartOf":{"@id":"https:\/\/www.powercontainer.com\/#website"},"datePublished":"2025-03-13T19:30:40+00:00","dateModified":"2025-09-22T14:49:55+00:00","description":"Consulta el Aviso Legal de Power Container Corporation.","breadcrumb":{"@id":"https:\/\/www.powercontainer.com\/es\/aviso-legal\/#breadcrumb"},"inLanguage":"es","potentialAction":[{"@type":"ReadAction","target":["https:\/\/www.powercontainer.com\/es\/aviso-legal\/"]}]},{"@type":"BreadcrumbList","@id":"https:\/\/www.powercontainer.com\/es\/aviso-legal\/#breadcrumb","itemListElement":[{"@type":"ListItem","position":1,"name":"Home","item":"https:\/\/www.powercontainer.com\/es\/"},{"@type":"ListItem","position":2,"name":"Aviso Legal"}]},{"@type":"WebSite","@id":"https:\/\/www.powercontainer.com\/#website","url":"https:\/\/www.powercontainer.com\/","name":"PCC","description":"","potentialAction":[{"@type":"SearchAction","target":{"@type":"EntryPoint","urlTemplate":"https:\/\/www.powercontainer.com\/?s={search_term_string}"},"query-input":{"@type":"PropertyValueSpecification","valueRequired":true,"valueName":"search_term_string"}}],"inLanguage":"es"}]}},"_links":{"self":[{"href":"https:\/\/www.powercontainer.com\/es\/wp-json\/wp\/v2\/pages\/1399","targetHints":{"allow":["GET"]}}],"collection":[{"href":"https:\/\/www.powercontainer.com\/es\/wp-json\/wp\/v2\/pages"}],"about":[{"href":"https:\/\/www.powercontainer.com\/es\/wp-json\/wp\/v2\/types\/page"}],"author":[{"embeddable":true,"href":"https:\/\/www.powercontainer.com\/es\/wp-json\/wp\/v2\/users\/6"}],"replies":[{"embeddable":true,"href":"https:\/\/www.powercontainer.com\/es\/wp-json\/wp\/v2\/comments?post=1399"}],"version-history":[{"count":1,"href":"https:\/\/www.powercontainer.com\/es\/wp-json\/wp\/v2\/pages\/1399\/revisions"}],"predecessor-version":[{"id":1400,"href":"https:\/\/www.powercontainer.com\/es\/wp-json\/wp\/v2\/pages\/1399\/revisions\/1400"}],"wp:attachment":[{"href":"https:\/\/www.powercontainer.com\/es\/wp-json\/wp\/v2\/media?parent=1399"}],"curies":[{"name":"wp","href":"https:\/\/api.w.org\/{rel}","templated":true}]}}